{"id":839,"date":"2017-02-23T22:27:10","date_gmt":"2017-02-23T21:27:10","guid":{"rendered":"http:\/\/gsheli.de\/?page_id=839"},"modified":"2019-08-31T19:19:33","modified_gmt":"2019-08-31T17:19:33","slug":"25-jahre-foerderverein","status":"publish","type":"page","link":"https:\/\/www.gsheli.de\/?page_id=839","title":{"rendered":"25 Jahre F\u00f6rderverein"},"content":{"rendered":"<p>Am 23. September 2017 wurde der F\u00f6rderverein der Grundschule 25 Jahre alt. Um dieses Jubil\u00e4um geb\u00fchrend zu feiern, fand ein wundersch\u00f6nes\u00a0Fest auf dem Schulhof statt.<\/p>\n<p>Geplant und vorbereitet wurde das Fest vom F\u00f6rderverein-Team.<\/p>\n<p>F\u00fcr die Kinder gab es zahlreiche\u00a0Angebote und Stationen, die zum gro\u00dfen Teil von \u00a0Vereinen und Verb\u00e4nden aus Hessisch Lichtenau organisiert und durchgef\u00fchrt wurden. Die Feuerwehr, der Turnverein mit verschiedenen Abteilungen, die Jugendverkehrsschule waren neben vielen anderen beteiligt.<\/p>\n<p>Das Team des F\u00f6rdervereins konnte \u00a0viele G\u00e4ste begr\u00fc\u00dfen und freute sich \u00fcber das tolle Gelingen.<\/p>\n<p><img loading=\"lazy\" decoding=\"async\" class=\"alignnone wp-image-679 size-medium\" src=\"https:\/\/www.gsheli.de\/wp-content\/uploads\/2016\/07\/IMG_6255-600x400.jpg\" width=\"600\" height=\"400\" srcset=\"https:\/\/www.gsheli.de\/wp-content\/uploads\/2016\/07\/IMG_6255-600x400.jpg 600w, https:\/\/www.gsheli.de\/wp-content\/uploads\/2016\/07\/IMG_6255-768x512.jpg 768w, https:\/\/www.gsheli.de\/wp-content\/uploads\/2016\/07\/IMG_6255-1024x683.jpg 1024w\" sizes=\"auto, (max-width: 600px) 100vw, 600px\" \/><\/p>\n<h2><img loading=\"lazy\" decoding=\"async\" class=\"alignnone wp-image-651 size-medium\" src=\"https:\/\/www.gsheli.de\/wp-content\/uploads\/2016\/07\/IMG_6263-600x400.jpg\" width=\"600\" height=\"400\" srcset=\"https:\/\/www.gsheli.de\/wp-content\/uploads\/2016\/07\/IMG_6263-600x400.jpg 600w, https:\/\/www.gsheli.de\/wp-content\/uploads\/2016\/07\/IMG_6263-768x512.jpg 768w, https:\/\/www.gsheli.de\/wp-content\/uploads\/2016\/07\/IMG_6263-1024x683.jpg 1024w\" sizes=\"auto, (max-width: 600px) 100vw, 600px\" \/><\/h2>\n<p><img loading=\"lazy\" decoding=\"async\" class=\"alignnone wp-image-655 size-medium\" src=\"https:\/\/www.gsheli.de\/wp-content\/uploads\/2016\/07\/IMG_6252-600x400.jpg\" width=\"600\" height=\"400\" srcset=\"https:\/\/www.gsheli.de\/wp-content\/uploads\/2016\/07\/IMG_6252-600x400.jpg 600w, https:\/\/www.gsheli.de\/wp-content\/uploads\/2016\/07\/IMG_6252-768x512.jpg 768w, https:\/\/www.gsheli.de\/wp-content\/uploads\/2016\/07\/IMG_6252-1024x683.jpg 1024w\" sizes=\"auto, (max-width: 600px) 100vw, 600px\" \/><\/p>\n","protected":false},"excerpt":{"rendered":"<p>Am 23. September 2017 wurde der F\u00f6rderverein der Grundschule 25 Jahre alt. Um dieses Jubil\u00e4um geb\u00fchrend zu feiern, fand ein wundersch\u00f6nes\u00a0Fest auf dem Schulhof statt. Geplant und vorbereitet wurde das Fest vom F\u00f6rderverein-Team. F\u00fcr die Kinder gab es zahlreiche\u00a0Angebote und Stationen, die zum gro\u00dfen Teil von \u00a0Vereinen und Verb\u00e4nden aus Hessisch Lichtenau organisiert und durchgef\u00fchrt &hellip; <a href=\"https:\/\/www.gsheli.de\/?page_id=839\" class=\"more-link\"><span class=\"screen-reader-text\">25 Jahre F\u00f6rderverein<\/span> weiterlesen <span class=\"meta-nav\">&rarr;<\/span><\/a><\/p>\n","protected":false},"author":4,"featured_media":0,"parent":26,"menu_order":9,"comment_status":"closed","ping_status":"closed","template":"","meta":{"_bbp_topic_count":0,"_bbp_reply_count":0,"_bbp_total_topic_count":0,"_bbp_total_reply_count":0,"_bbp_voice_count":0,"_bbp_anonymous_reply_count":0,"_bbp_topic_count_hidden":0,"_bbp_reply_count_hidden":0,"_bbp_forum_subforum_count":0,"_crdt_document":"","footnotes":""},"class_list":["post-839","page","type-page","status-publish","hentry"],"yoast_head":"<!-- This site is optimized with the Yoast SEO plugin v27.5 - https:\/\/yoast.com\/product\/yoast-seo-wordpress\/ -->\n<title>25 Jahre F\u00f6rderverein - Grundschule Hessisch Lichtenau<\/title>\n<meta name=\"robots\" content=\"index, follow, max-snippet:-1, max-image-preview:large, max-video-preview:-1\" \/>\n<link rel=\"canonical\" href=\"https:\/\/www.gsheli.de\/?page_id=839\" class=\"yoast-seo-meta-tag\" \/>\n<meta property=\"og:locale\" content=\"de_DE\" class=\"yoast-seo-meta-tag\" \/>\n<meta property=\"og:type\" content=\"article\" class=\"yoast-seo-meta-tag\" \/>\n<meta property=\"og:title\" content=\"25 Jahre F\u00f6rderverein - Grundschule Hessisch Lichtenau\" class=\"yoast-seo-meta-tag\" \/>\n<meta property=\"og:description\" content=\"Am 23. September 2017 wurde der F\u00f6rderverein der Grundschule 25 Jahre alt. Um dieses Jubil\u00e4um geb\u00fchrend zu feiern, fand ein wundersch\u00f6nes\u00a0Fest auf dem Schulhof statt. Geplant und vorbereitet wurde das Fest vom F\u00f6rderverein-Team. F\u00fcr die Kinder gab es zahlreiche\u00a0Angebote und Stationen, die zum gro\u00dfen Teil von \u00a0Vereinen und Verb\u00e4nden aus Hessisch Lichtenau organisiert und durchgef\u00fchrt &hellip; 25 Jahre F\u00f6rderverein weiterlesen &rarr;\" class=\"yoast-seo-meta-tag\" \/>\n<meta property=\"og:url\" content=\"https:\/\/www.gsheli.de\/?page_id=839\" class=\"yoast-seo-meta-tag\" \/>\n<meta property=\"og:site_name\" content=\"Grundschule Hessisch Lichtenau\" class=\"yoast-seo-meta-tag\" \/>\n<meta property=\"article:modified_time\" content=\"2019-08-31T17:19:33+00:00\" class=\"yoast-seo-meta-tag\" \/>\n<meta property=\"og:image\" content=\"https:\/\/www.gsheli.de\/wp-content\/uploads\/2016\/07\/IMG_6255-600x400.jpg\" class=\"yoast-seo-meta-tag\" \/>\n<meta name=\"twitter:card\" content=\"summary_large_image\" class=\"yoast-seo-meta-tag\" \/>\n<script type=\"application\/ld+json\" class=\"yoast-schema-graph\">{\"@context\":\"https:\\\/\\\/schema.org\",\"@graph\":[{\"@type\":\"WebPage\",\"@id\":\"https:\\\/\\\/www.gsheli.de\\\/?page_id=839\",\"url\":\"https:\\\/\\\/www.gsheli.de\\\/?page_id=839\",\"name\":\"25 Jahre F\u00f6rderverein - Grundschule Hessisch Lichtenau\",\"isPartOf\":{\"@id\":\"https:\\\/\\\/www.gsheli.de\\\/#website\"},\"primaryImageOfPage\":{\"@id\":\"https:\\\/\\\/www.gsheli.de\\\/?page_id=839#primaryimage\"},\"image\":{\"@id\":\"https:\\\/\\\/www.gsheli.de\\\/?page_id=839#primaryimage\"},\"thumbnailUrl\":\"https:\\\/\\\/www.gsheli.de\\\/wp-content\\\/uploads\\\/2016\\\/07\\\/IMG_6255-600x400.jpg\",\"datePublished\":\"2017-02-23T21:27:10+00:00\",\"dateModified\":\"2019-08-31T17:19:33+00:00\",\"breadcrumb\":{\"@id\":\"https:\\\/\\\/www.gsheli.de\\\/?page_id=839#breadcrumb\"},\"inLanguage\":\"de\",\"potentialAction\":[{\"@type\":\"ReadAction\",\"target\":[\"https:\\\/\\\/www.gsheli.de\\\/?page_id=839\"]}]},{\"@type\":\"ImageObject\",\"inLanguage\":\"de\",\"@id\":\"https:\\\/\\\/www.gsheli.de\\\/?page_id=839#primaryimage\",\"url\":\"https:\\\/\\\/www.gsheli.de\\\/wp-content\\\/uploads\\\/2016\\\/07\\\/IMG_6255.jpg\",\"contentUrl\":\"https:\\\/\\\/www.gsheli.de\\\/wp-content\\\/uploads\\\/2016\\\/07\\\/IMG_6255.jpg\",\"width\":5184,\"height\":3456},{\"@type\":\"BreadcrumbList\",\"@id\":\"https:\\\/\\\/www.gsheli.de\\\/?page_id=839#breadcrumb\",\"itemListElement\":[{\"@type\":\"ListItem\",\"position\":1,\"name\":\"Startseite\",\"item\":\"https:\\\/\\\/www.gsheli.de\\\/\"},{\"@type\":\"ListItem\",\"position\":2,\"name\":\"F\u00f6rderverein\",\"item\":\"https:\\\/\\\/www.gsheli.de\\\/?page_id=26\"},{\"@type\":\"ListItem\",\"position\":3,\"name\":\"25 Jahre F\u00f6rderverein\"}]},{\"@type\":\"WebSite\",\"@id\":\"https:\\\/\\\/www.gsheli.de\\\/#website\",\"url\":\"https:\\\/\\\/www.gsheli.de\\\/\",\"name\":\"Grundschule Hessisch Lichtenau\",\"description\":\"\",\"potentialAction\":[{\"@type\":\"SearchAction\",\"target\":{\"@type\":\"EntryPoint\",\"urlTemplate\":\"https:\\\/\\\/www.gsheli.de\\\/?s={search_term_string}\"},\"query-input\":{\"@type\":\"PropertyValueSpecification\",\"valueRequired\":true,\"valueName\":\"search_term_string\"}}],\"inLanguage\":\"de\"}]}<\/script>\n<!-- \/ Yoast SEO plugin. -->","yoast_head_json":{"title":"25 Jahre F\u00f6rderverein - Grundschule Hessisch Lichtenau","robots":{"index":"index","follow":"follow","max-snippet":"max-snippet:-1","max-image-preview":"max-image-preview:large","max-video-preview":"max-video-preview:-1"},"canonical":"https:\/\/www.gsheli.de\/?page_id=839","og_locale":"de_DE","og_type":"article","og_title":"25 Jahre F\u00f6rderverein - Grundschule Hessisch Lichtenau","og_description":"Am 23. September 2017 wurde der F\u00f6rderverein der Grundschule 25 Jahre alt. Um dieses Jubil\u00e4um geb\u00fchrend zu feiern, fand ein wundersch\u00f6nes\u00a0Fest auf dem Schulhof statt. Geplant und vorbereitet wurde das Fest vom F\u00f6rderverein-Team. F\u00fcr die Kinder gab es zahlreiche\u00a0Angebote und Stationen, die zum gro\u00dfen Teil von \u00a0Vereinen und Verb\u00e4nden aus Hessisch Lichtenau organisiert und durchgef\u00fchrt &hellip; 25 Jahre F\u00f6rderverein weiterlesen &rarr;","og_url":"https:\/\/www.gsheli.de\/?page_id=839","og_site_name":"Grundschule Hessisch Lichtenau","article_modified_time":"2019-08-31T17:19:33+00:00","og_image":[{"url":"https:\/\/www.gsheli.de\/wp-content\/uploads\/2016\/07\/IMG_6255-600x400.jpg","type":"","width":"","height":""}],"twitter_card":"summary_large_image","schema":{"@context":"https:\/\/schema.org","@graph":[{"@type":"WebPage","@id":"https:\/\/www.gsheli.de\/?page_id=839","url":"https:\/\/www.gsheli.de\/?page_id=839","name":"25 Jahre F\u00f6rderverein - Grundschule Hessisch Lichtenau","isPartOf":{"@id":"https:\/\/www.gsheli.de\/#website"},"primaryImageOfPage":{"@id":"https:\/\/www.gsheli.de\/?page_id=839#primaryimage"},"image":{"@id":"https:\/\/www.gsheli.de\/?page_id=839#primaryimage"},"thumbnailUrl":"https:\/\/www.gsheli.de\/wp-content\/uploads\/2016\/07\/IMG_6255-600x400.jpg","datePublished":"2017-02-23T21:27:10+00:00","dateModified":"2019-08-31T17:19:33+00:00","breadcrumb":{"@id":"https:\/\/www.gsheli.de\/?page_id=839#breadcrumb"},"inLanguage":"de","potentialAction":[{"@type":"ReadAction","target":["https:\/\/www.gsheli.de\/?page_id=839"]}]},{"@type":"ImageObject","inLanguage":"de","@id":"https:\/\/www.gsheli.de\/?page_id=839#primaryimage","url":"https:\/\/www.gsheli.de\/wp-content\/uploads\/2016\/07\/IMG_6255.jpg","contentUrl":"https:\/\/www.gsheli.de\/wp-content\/uploads\/2016\/07\/IMG_6255.jpg","width":5184,"height":3456},{"@type":"BreadcrumbList","@id":"https:\/\/www.gsheli.de\/?page_id=839#breadcrumb","itemListElement":[{"@type":"ListItem","position":1,"name":"Startseite","item":"https:\/\/www.gsheli.de\/"},{"@type":"ListItem","position":2,"name":"F\u00f6rderverein","item":"https:\/\/www.gsheli.de\/?page_id=26"},{"@type":"ListItem","position":3,"name":"25 Jahre F\u00f6rderverein"}]},{"@type":"WebSite","@id":"https:\/\/www.gsheli.de\/#website","url":"https:\/\/www.gsheli.de\/","name":"Grundschule Hessisch Lichtenau","description":"","potentialAction":[{"@type":"SearchAction","target":{"@type":"EntryPoint","urlTemplate":"https:\/\/www.gsheli.de\/?s={search_term_string}"},"query-input":{"@type":"PropertyValueSpecification","valueRequired":true,"valueName":"search_term_string"}}],"inLanguage":"de"}]}},"_links":{"self":[{"href":"https:\/\/www.gsheli.de\/index.php?rest_route=\/wp\/v2\/pages\/839","targetHints":{"allow":["GET"]}}],"collection":[{"href":"https:\/\/www.gsheli.de\/index.php?rest_route=\/wp\/v2\/pages"}],"about":[{"href":"https:\/\/www.gsheli.de\/index.php?rest_route=\/wp\/v2\/types\/page"}],"author":[{"embeddable":true,"href":"https:\/\/www.gsheli.de\/index.php?rest_route=\/wp\/v2\/users\/4"}],"replies":[{"embeddable":true,"href":"https:\/\/www.gsheli.de\/index.php?rest_route=%2Fwp%2Fv2%2Fcomments&post=839"}],"version-history":[{"count":3,"href":"https:\/\/www.gsheli.de\/index.php?rest_route=\/wp\/v2\/pages\/839\/revisions"}],"predecessor-version":[{"id":1367,"href":"https:\/\/www.gsheli.de\/index.php?rest_route=\/wp\/v2\/pages\/839\/revisions\/1367"}],"up":[{"embeddable":true,"href":"https:\/\/www.gsheli.de\/index.php?rest_route=\/wp\/v2\/pages\/26"}],"wp:attachment":[{"href":"https:\/\/www.gsheli.de\/index.php?rest_route=%2Fwp%2Fv2%2Fmedia&parent=839"}],"curies":[{"name":"wp","href":"https:\/\/api.w.org\/{rel}","templated":true}]}}