{"id":76,"date":"2016-08-02T09:47:59","date_gmt":"2016-08-02T07:47:59","guid":{"rendered":"http:\/\/gsheli.de\/wp\/?page_id=76"},"modified":"2020-05-18T17:28:57","modified_gmt":"2020-05-18T15:28:57","slug":"schulbibliothek","status":"publish","type":"page","link":"https:\/\/www.gsheli.de\/?page_id=76","title":{"rendered":"Schulbibliothek"},"content":{"rendered":"<p>Die gem\u00fctliche und zum Lesen anregende Schulbibliothek im Turnhallengeb\u00e4ude ist t\u00e4glich ge\u00f6ffnet. Immer\u00a0in der gro\u00dfen Pause findet die Ausleihe statt. Aber auch w\u00e4hrend der Unterrichtszeit, z.B. im Rahmen von Projektarbeit, k\u00f6nnen die Kinder in die B\u00fccherei kommen. Personell wird sie aus Geldern vom &#8222;Pakt f\u00fcr den Nachmittag&#8220; finanziert.<\/p>\n\n\n<figure class=\"wp-block-image size-large\"><img loading=\"lazy\" decoding=\"async\" width=\"1024\" height=\"768\" src=\"https:\/\/www.gsheli.de\/wp-content\/uploads\/2020\/05\/IMG-20200331-WA0004-1024x768.jpg\" alt=\"\" class=\"wp-image-1590\" srcset=\"https:\/\/www.gsheli.de\/wp-content\/uploads\/2020\/05\/IMG-20200331-WA0004-1024x768.jpg 1024w, https:\/\/www.gsheli.de\/wp-content\/uploads\/2020\/05\/IMG-20200331-WA0004-600x450.jpg 600w, https:\/\/www.gsheli.de\/wp-content\/uploads\/2020\/05\/IMG-20200331-WA0004-768x576.jpg 768w, https:\/\/www.gsheli.de\/wp-content\/uploads\/2020\/05\/IMG-20200331-WA0004-1536x1152.jpg 1536w, https:\/\/www.gsheli.de\/wp-content\/uploads\/2020\/05\/IMG-20200331-WA0004.jpg 1600w\" sizes=\"auto, (max-width: 1024px) 100vw, 1024px\" \/><\/figure>\n\n\n\n<figure class=\"wp-block-image size-large\"><img loading=\"lazy\" decoding=\"async\" width=\"1024\" height=\"768\" src=\"https:\/\/www.gsheli.de\/wp-content\/uploads\/2020\/05\/IMG-20200331-WA0005-1024x768.jpg\" alt=\"\" class=\"wp-image-1591\" srcset=\"https:\/\/www.gsheli.de\/wp-content\/uploads\/2020\/05\/IMG-20200331-WA0005-1024x768.jpg 1024w, https:\/\/www.gsheli.de\/wp-content\/uploads\/2020\/05\/IMG-20200331-WA0005-600x450.jpg 600w, https:\/\/www.gsheli.de\/wp-content\/uploads\/2020\/05\/IMG-20200331-WA0005-768x576.jpg 768w, https:\/\/www.gsheli.de\/wp-content\/uploads\/2020\/05\/IMG-20200331-WA0005-1536x1152.jpg 1536w, https:\/\/www.gsheli.de\/wp-content\/uploads\/2020\/05\/IMG-20200331-WA0005.jpg 1600w\" sizes=\"auto, (max-width: 1024px) 100vw, 1024px\" \/><\/figure>\n\n\n\n<figure class=\"wp-block-image size-large\"><img loading=\"lazy\" decoding=\"async\" width=\"1024\" height=\"768\" src=\"https:\/\/www.gsheli.de\/wp-content\/uploads\/2020\/05\/IMG-20200331-WA0006-1024x768.jpg\" alt=\"\" class=\"wp-image-1592\" srcset=\"https:\/\/www.gsheli.de\/wp-content\/uploads\/2020\/05\/IMG-20200331-WA0006-1024x768.jpg 1024w, https:\/\/www.gsheli.de\/wp-content\/uploads\/2020\/05\/IMG-20200331-WA0006-600x450.jpg 600w, https:\/\/www.gsheli.de\/wp-content\/uploads\/2020\/05\/IMG-20200331-WA0006-768x576.jpg 768w, https:\/\/www.gsheli.de\/wp-content\/uploads\/2020\/05\/IMG-20200331-WA0006-1536x1152.jpg 1536w, https:\/\/www.gsheli.de\/wp-content\/uploads\/2020\/05\/IMG-20200331-WA0006.jpg 1600w\" sizes=\"auto, (max-width: 1024px) 100vw, 1024px\" \/><\/figure>\n\n\n\n<figure class=\"wp-block-image size-large\"><img loading=\"lazy\" decoding=\"async\" width=\"1024\" height=\"768\" src=\"https:\/\/www.gsheli.de\/wp-content\/uploads\/2020\/05\/IMG-20200331-WA0007-1024x768.jpg\" alt=\"\" class=\"wp-image-1593\" srcset=\"https:\/\/www.gsheli.de\/wp-content\/uploads\/2020\/05\/IMG-20200331-WA0007-1024x768.jpg 1024w, https:\/\/www.gsheli.de\/wp-content\/uploads\/2020\/05\/IMG-20200331-WA0007-600x450.jpg 600w, https:\/\/www.gsheli.de\/wp-content\/uploads\/2020\/05\/IMG-20200331-WA0007-768x576.jpg 768w, https:\/\/www.gsheli.de\/wp-content\/uploads\/2020\/05\/IMG-20200331-WA0007-1536x1152.jpg 1536w, https:\/\/www.gsheli.de\/wp-content\/uploads\/2020\/05\/IMG-20200331-WA0007.jpg 1600w\" sizes=\"auto, (max-width: 1024px) 100vw, 1024px\" \/><\/figure>\n","protected":false},"excerpt":{"rendered":"<p>Die gem\u00fctliche und zum Lesen anregende Schulbibliothek im Turnhallengeb\u00e4ude ist t\u00e4glich ge\u00f6ffnet. Immer\u00a0in der gro\u00dfen Pause findet die Ausleihe statt. Aber auch w\u00e4hrend der Unterrichtszeit, z.B. im Rahmen von Projektarbeit, k\u00f6nnen die Kinder in die B\u00fccherei kommen. Personell wird sie aus Geldern vom &#8222;Pakt f\u00fcr den Nachmittag&#8220; finanziert.<\/p>\n","protected":false},"author":4,"featured_media":0,"parent":315,"menu_order":26,"comment_status":"closed","ping_status":"closed","template":"","meta":{"_bbp_topic_count":0,"_bbp_reply_count":0,"_bbp_total_topic_count":0,"_bbp_total_reply_count":0,"_bbp_voice_count":0,"_bbp_anonymous_reply_count":0,"_bbp_topic_count_hidden":0,"_bbp_reply_count_hidden":0,"_bbp_forum_subforum_count":0,"_crdt_document":"","footnotes":""},"class_list":["post-76","page","type-page","status-publish","hentry"],"yoast_head":"<!-- This site is optimized with the Yoast SEO plugin v27.5 - https:\/\/yoast.com\/product\/yoast-seo-wordpress\/ -->\n<title>Schulbibliothek - Grundschule Hessisch Lichtenau<\/title>\n<meta name=\"robots\" content=\"index, follow, max-snippet:-1, max-image-preview:large, max-video-preview:-1\" \/>\n<link rel=\"canonical\" href=\"https:\/\/www.gsheli.de\/?page_id=76\" class=\"yoast-seo-meta-tag\" \/>\n<meta property=\"og:locale\" content=\"de_DE\" class=\"yoast-seo-meta-tag\" \/>\n<meta property=\"og:type\" content=\"article\" class=\"yoast-seo-meta-tag\" \/>\n<meta property=\"og:title\" content=\"Schulbibliothek - Grundschule Hessisch Lichtenau\" class=\"yoast-seo-meta-tag\" \/>\n<meta property=\"og:description\" content=\"Die gem\u00fctliche und zum Lesen anregende Schulbibliothek im Turnhallengeb\u00e4ude ist t\u00e4glich ge\u00f6ffnet. Immer\u00a0in der gro\u00dfen Pause findet die Ausleihe statt. Aber auch w\u00e4hrend der Unterrichtszeit, z.B. im Rahmen von Projektarbeit, k\u00f6nnen die Kinder in die B\u00fccherei kommen. Personell wird sie aus Geldern vom &#8222;Pakt f\u00fcr den Nachmittag&#8220; finanziert.\" class=\"yoast-seo-meta-tag\" \/>\n<meta property=\"og:url\" content=\"https:\/\/www.gsheli.de\/?page_id=76\" class=\"yoast-seo-meta-tag\" \/>\n<meta property=\"og:site_name\" content=\"Grundschule Hessisch Lichtenau\" class=\"yoast-seo-meta-tag\" \/>\n<meta property=\"article:modified_time\" content=\"2020-05-18T15:28:57+00:00\" class=\"yoast-seo-meta-tag\" \/>\n<meta property=\"og:image\" content=\"https:\/\/www.gsheli.de\/wp-content\/uploads\/2020\/05\/IMG-20200331-WA0004-1024x768.jpg\" class=\"yoast-seo-meta-tag\" \/>\n<meta name=\"twitter:card\" content=\"summary_large_image\" class=\"yoast-seo-meta-tag\" \/>\n<script type=\"application\/ld+json\" class=\"yoast-schema-graph\">{\"@context\":\"https:\\\/\\\/schema.org\",\"@graph\":[{\"@type\":\"WebPage\",\"@id\":\"https:\\\/\\\/www.gsheli.de\\\/?page_id=76\",\"url\":\"https:\\\/\\\/www.gsheli.de\\\/?page_id=76\",\"name\":\"Schulbibliothek - Grundschule Hessisch Lichtenau\",\"isPartOf\":{\"@id\":\"https:\\\/\\\/www.gsheli.de\\\/#website\"},\"primaryImageOfPage\":{\"@id\":\"https:\\\/\\\/www.gsheli.de\\\/?page_id=76#primaryimage\"},\"image\":{\"@id\":\"https:\\\/\\\/www.gsheli.de\\\/?page_id=76#primaryimage\"},\"thumbnailUrl\":\"https:\\\/\\\/www.gsheli.de\\\/wp-content\\\/uploads\\\/2020\\\/05\\\/IMG-20200331-WA0004-1024x768.jpg\",\"datePublished\":\"2016-08-02T07:47:59+00:00\",\"dateModified\":\"2020-05-18T15:28:57+00:00\",\"breadcrumb\":{\"@id\":\"https:\\\/\\\/www.gsheli.de\\\/?page_id=76#breadcrumb\"},\"inLanguage\":\"de\",\"potentialAction\":[{\"@type\":\"ReadAction\",\"target\":[\"https:\\\/\\\/www.gsheli.de\\\/?page_id=76\"]}]},{\"@type\":\"ImageObject\",\"inLanguage\":\"de\",\"@id\":\"https:\\\/\\\/www.gsheli.de\\\/?page_id=76#primaryimage\",\"url\":\"https:\\\/\\\/www.gsheli.de\\\/wp-content\\\/uploads\\\/2020\\\/05\\\/IMG-20200331-WA0004.jpg\",\"contentUrl\":\"https:\\\/\\\/www.gsheli.de\\\/wp-content\\\/uploads\\\/2020\\\/05\\\/IMG-20200331-WA0004.jpg\",\"width\":1600,\"height\":1200},{\"@type\":\"BreadcrumbList\",\"@id\":\"https:\\\/\\\/www.gsheli.de\\\/?page_id=76#breadcrumb\",\"itemListElement\":[{\"@type\":\"ListItem\",\"position\":1,\"name\":\"Startseite\",\"item\":\"https:\\\/\\\/www.gsheli.de\\\/\"},{\"@type\":\"ListItem\",\"position\":2,\"name\":\"Ein Rundgang\",\"item\":\"https:\\\/\\\/www.gsheli.de\\\/?page_id=315\"},{\"@type\":\"ListItem\",\"position\":3,\"name\":\"Schulbibliothek\"}]},{\"@type\":\"WebSite\",\"@id\":\"https:\\\/\\\/www.gsheli.de\\\/#website\",\"url\":\"https:\\\/\\\/www.gsheli.de\\\/\",\"name\":\"Grundschule Hessisch Lichtenau\",\"description\":\"\",\"potentialAction\":[{\"@type\":\"SearchAction\",\"target\":{\"@type\":\"EntryPoint\",\"urlTemplate\":\"https:\\\/\\\/www.gsheli.de\\\/?s={search_term_string}\"},\"query-input\":{\"@type\":\"PropertyValueSpecification\",\"valueRequired\":true,\"valueName\":\"search_term_string\"}}],\"inLanguage\":\"de\"}]}<\/script>\n<!-- \/ Yoast SEO plugin. -->","yoast_head_json":{"title":"Schulbibliothek - Grundschule Hessisch Lichtenau","robots":{"index":"index","follow":"follow","max-snippet":"max-snippet:-1","max-image-preview":"max-image-preview:large","max-video-preview":"max-video-preview:-1"},"canonical":"https:\/\/www.gsheli.de\/?page_id=76","og_locale":"de_DE","og_type":"article","og_title":"Schulbibliothek - Grundschule Hessisch Lichtenau","og_description":"Die gem\u00fctliche und zum Lesen anregende Schulbibliothek im Turnhallengeb\u00e4ude ist t\u00e4glich ge\u00f6ffnet. Immer\u00a0in der gro\u00dfen Pause findet die Ausleihe statt. Aber auch w\u00e4hrend der Unterrichtszeit, z.B. im Rahmen von Projektarbeit, k\u00f6nnen die Kinder in die B\u00fccherei kommen. Personell wird sie aus Geldern vom &#8222;Pakt f\u00fcr den Nachmittag&#8220; finanziert.","og_url":"https:\/\/www.gsheli.de\/?page_id=76","og_site_name":"Grundschule Hessisch Lichtenau","article_modified_time":"2020-05-18T15:28:57+00:00","og_image":[{"url":"https:\/\/www.gsheli.de\/wp-content\/uploads\/2020\/05\/IMG-20200331-WA0004-1024x768.jpg","type":"","width":"","height":""}],"twitter_card":"summary_large_image","schema":{"@context":"https:\/\/schema.org","@graph":[{"@type":"WebPage","@id":"https:\/\/www.gsheli.de\/?page_id=76","url":"https:\/\/www.gsheli.de\/?page_id=76","name":"Schulbibliothek - Grundschule Hessisch Lichtenau","isPartOf":{"@id":"https:\/\/www.gsheli.de\/#website"},"primaryImageOfPage":{"@id":"https:\/\/www.gsheli.de\/?page_id=76#primaryimage"},"image":{"@id":"https:\/\/www.gsheli.de\/?page_id=76#primaryimage"},"thumbnailUrl":"https:\/\/www.gsheli.de\/wp-content\/uploads\/2020\/05\/IMG-20200331-WA0004-1024x768.jpg","datePublished":"2016-08-02T07:47:59+00:00","dateModified":"2020-05-18T15:28:57+00:00","breadcrumb":{"@id":"https:\/\/www.gsheli.de\/?page_id=76#breadcrumb"},"inLanguage":"de","potentialAction":[{"@type":"ReadAction","target":["https:\/\/www.gsheli.de\/?page_id=76"]}]},{"@type":"ImageObject","inLanguage":"de","@id":"https:\/\/www.gsheli.de\/?page_id=76#primaryimage","url":"https:\/\/www.gsheli.de\/wp-content\/uploads\/2020\/05\/IMG-20200331-WA0004.jpg","contentUrl":"https:\/\/www.gsheli.de\/wp-content\/uploads\/2020\/05\/IMG-20200331-WA0004.jpg","width":1600,"height":1200},{"@type":"BreadcrumbList","@id":"https:\/\/www.gsheli.de\/?page_id=76#breadcrumb","itemListElement":[{"@type":"ListItem","position":1,"name":"Startseite","item":"https:\/\/www.gsheli.de\/"},{"@type":"ListItem","position":2,"name":"Ein Rundgang","item":"https:\/\/www.gsheli.de\/?page_id=315"},{"@type":"ListItem","position":3,"name":"Schulbibliothek"}]},{"@type":"WebSite","@id":"https:\/\/www.gsheli.de\/#website","url":"https:\/\/www.gsheli.de\/","name":"Grundschule Hessisch Lichtenau","description":"","potentialAction":[{"@type":"SearchAction","target":{"@type":"EntryPoint","urlTemplate":"https:\/\/www.gsheli.de\/?s={search_term_string}"},"query-input":{"@type":"PropertyValueSpecification","valueRequired":true,"valueName":"search_term_string"}}],"inLanguage":"de"}]}},"_links":{"self":[{"href":"https:\/\/www.gsheli.de\/index.php?rest_route=\/wp\/v2\/pages\/76","targetHints":{"allow":["GET"]}}],"collection":[{"href":"https:\/\/www.gsheli.de\/index.php?rest_route=\/wp\/v2\/pages"}],"about":[{"href":"https:\/\/www.gsheli.de\/index.php?rest_route=\/wp\/v2\/types\/page"}],"author":[{"embeddable":true,"href":"https:\/\/www.gsheli.de\/index.php?rest_route=\/wp\/v2\/users\/4"}],"replies":[{"embeddable":true,"href":"https:\/\/www.gsheli.de\/index.php?rest_route=%2Fwp%2Fv2%2Fcomments&post=76"}],"version-history":[{"count":5,"href":"https:\/\/www.gsheli.de\/index.php?rest_route=\/wp\/v2\/pages\/76\/revisions"}],"predecessor-version":[{"id":1594,"href":"https:\/\/www.gsheli.de\/index.php?rest_route=\/wp\/v2\/pages\/76\/revisions\/1594"}],"up":[{"embeddable":true,"href":"https:\/\/www.gsheli.de\/index.php?rest_route=\/wp\/v2\/pages\/315"}],"wp:attachment":[{"href":"https:\/\/www.gsheli.de\/index.php?rest_route=%2Fwp%2Fv2%2Fmedia&parent=76"}],"curies":[{"name":"wp","href":"https:\/\/api.w.org\/{rel}","templated":true}]}}