{"id":73,"date":"2016-08-02T09:46:28","date_gmt":"2016-08-02T07:46:28","guid":{"rendered":"http:\/\/gsheli.de\/wp\/?page_id=73"},"modified":"2017-09-30T01:01:33","modified_gmt":"2017-09-29T23:01:33","slug":"der-schulhof","status":"publish","type":"page","link":"https:\/\/www.gsheli.de\/?page_id=73","title":{"rendered":"Der Schulhof"},"content":{"rendered":"<h2>Der naturnahe Schulhof<\/h2>\n<p>Unser Schulhof ist in den letzten Jahren Schritt\u00a0f\u00fcr Schritt umgestaltet worden.<\/p>\n<p>Wo vorher eine wenig anregende Teerfl\u00e4che war,\u00a0befinden sich jetzt\u00a0Steininseln, H\u00fcgel und B\u00fcsche. Ein Holzhaus beherbergt die\u00a0Spielger\u00e4te und ein Weidentipi l\u00e4dt zum Verstecken ein.<br \/>\nDie Planung erfolgte durch ein B\u00fcro f\u00fcr Landschaftsplanung, welches sich auf p\u00e4dagogische Konzepte zur naturnahen Gestaltung von Schulh\u00f6fen spezialisiert\u00a0hat.<\/p>\n<p>Die Vorstellungen der Kinder sind bei der Gesamtplanung ber\u00fccksichtigt\u00a0worden. Die\u00a0Umsetzung erfolgte in mehreren Abschnitten. Es gab besondere Aktionstage, an denen Eltern, Kinder und Lehrer \u00a0gemeinsam mit anpackten.<\/p>\n<p>Bei der Schulhofumgestaltung \u00a0handelte es sich um ein gemeinsames Projekt der Grundschule und der Eingangsstufe der Freiherr-vom-Stein-Schule.<\/p>\n<p><img loading=\"lazy\" decoding=\"async\" class=\"alignnone size-large wp-image-584\" src=\"https:\/\/www.gsheli.de\/wp\/wp-content\/uploads\/2016\/12\/P1070457-1024x768.jpg\" alt=\"p1070457\" width=\"604\" height=\"453\" srcset=\"https:\/\/www.gsheli.de\/wp-content\/uploads\/2016\/12\/P1070457-1024x768.jpg 1024w, https:\/\/www.gsheli.de\/wp-content\/uploads\/2016\/12\/P1070457-600x450.jpg 600w, https:\/\/www.gsheli.de\/wp-content\/uploads\/2016\/12\/P1070457-768x576.jpg 768w\" sizes=\"auto, (max-width: 604px) 100vw, 604px\" \/><\/p>\n<p>&nbsp;<\/p>\n<h2>J\u00e4hrliche Schulhofaktionen<\/h2>\n<p>Jedes Jahr im Herbst helfen die Kinder aus dem 1. Jahrgang\u00a0gemeinsam mit ihren Eltern, den naturnahen Schulhof winterfest zu machen.<\/p>\n<p>Es gibt immer viel zu tun: Laub fegen, B\u00fcsche schneiden und Hackschnitzel erneuern.<br \/>\nInitiiert und vorbereitet vom Team des F\u00f6rdervereins helfen die Erstkl\u00e4ssler beim Pflanzen eines Jahrgangsbaumes mit.<br \/>\nFortan ist es Aufgabe der Erstkl\u00e4ssler, auf ihren Baum\u00a0gut aufzupassen,\u00a0damit er in ein paar Jahren erste Fr\u00fcchte tragen kann.<\/p>\n<h2><img loading=\"lazy\" decoding=\"async\" class=\"alignnone size-medium wp-image-121\" src=\"https:\/\/www.gsheli.de\/wp\/wp-content\/uploads\/2016\/08\/schulhofaktion.1_15-300x200.jpg\" alt=\"schulhofaktion.1_15\" width=\"300\" height=\"200\" srcset=\"https:\/\/www.gsheli.de\/wp-content\/uploads\/2016\/08\/schulhofaktion.1_15-300x200.jpg 300w, https:\/\/www.gsheli.de\/wp-content\/uploads\/2016\/08\/schulhofaktion.1_15.jpg 448w\" sizes=\"auto, (max-width: 300px) 100vw, 300px\" \/><\/h2>\n<p><img loading=\"lazy\" decoding=\"async\" class=\"alignnone size-medium wp-image-122\" src=\"https:\/\/www.gsheli.de\/wp\/wp-content\/uploads\/2016\/08\/schulhofaktion.5_15-300x200.jpg\" alt=\"schulhofaktion.5_15\" width=\"300\" height=\"200\" srcset=\"https:\/\/www.gsheli.de\/wp-content\/uploads\/2016\/08\/schulhofaktion.5_15-300x200.jpg 300w, https:\/\/www.gsheli.de\/wp-content\/uploads\/2016\/08\/schulhofaktion.5_15.jpg 448w\" sizes=\"auto, (max-width: 300px) 100vw, 300px\" \/><\/p>\n<p><img loading=\"lazy\" decoding=\"async\" class=\"alignnone size-medium wp-image-123\" src=\"https:\/\/www.gsheli.de\/wp\/wp-content\/uploads\/2016\/08\/schulhofaktion.3_15-1-300x200.jpg\" alt=\"schulhofaktion.3_15\" width=\"300\" height=\"200\" srcset=\"https:\/\/www.gsheli.de\/wp-content\/uploads\/2016\/08\/schulhofaktion.3_15-1-300x200.jpg 300w, https:\/\/www.gsheli.de\/wp-content\/uploads\/2016\/08\/schulhofaktion.3_15-1.jpg 314w\" sizes=\"auto, (max-width: 300px) 100vw, 300px\" \/><\/p>\n<p>Der Jahrgangsbaum der Erstkl\u00e4ssler ist eingepflanzt. Jetzt muss er nur noch wachsen, damit die Kinder\u00a0w\u00e4hrend ihrer Grundschulzeit die ersten Fr\u00fcchte ernten k\u00f6nnen.<\/p>\n<p>&nbsp;<\/p>\n<p><strong><a href=\"https:\/\/www.gsheli.de\/ein-rundgang\/die-turnhalle\/\">Turnhalle\u2192<\/a><\/strong><\/p>\n","protected":false},"excerpt":{"rendered":"<p>Der naturnahe Schulhof Unser Schulhof ist in den letzten Jahren Schritt\u00a0f\u00fcr Schritt umgestaltet worden. Wo vorher eine wenig anregende Teerfl\u00e4che war,\u00a0befinden sich jetzt\u00a0Steininseln, H\u00fcgel und B\u00fcsche. Ein Holzhaus beherbergt die\u00a0Spielger\u00e4te und ein Weidentipi l\u00e4dt zum Verstecken ein. Die Planung erfolgte durch ein B\u00fcro f\u00fcr Landschaftsplanung, welches sich auf p\u00e4dagogische Konzepte zur naturnahen Gestaltung von Schulh\u00f6fen &hellip; <a href=\"https:\/\/www.gsheli.de\/?page_id=73\" class=\"more-link\"><span class=\"screen-reader-text\">Der Schulhof<\/span> weiterlesen <span class=\"meta-nav\">&rarr;<\/span><\/a><\/p>\n","protected":false},"author":4,"featured_media":0,"parent":315,"menu_order":22,"comment_status":"closed","ping_status":"closed","template":"","meta":{"_bbp_topic_count":0,"_bbp_reply_count":0,"_bbp_total_topic_count":0,"_bbp_total_reply_count":0,"_bbp_voice_count":0,"_bbp_anonymous_reply_count":0,"_bbp_topic_count_hidden":0,"_bbp_reply_count_hidden":0,"_bbp_forum_subforum_count":0,"_crdt_document":"","footnotes":""},"class_list":["post-73","page","type-page","status-publish","hentry"],"yoast_head":"<!-- This site is optimized with the Yoast SEO plugin v27.5 - https:\/\/yoast.com\/product\/yoast-seo-wordpress\/ -->\n<title>Der Schulhof - Grundschule Hessisch Lichtenau<\/title>\n<meta name=\"robots\" content=\"index, follow, max-snippet:-1, max-image-preview:large, max-video-preview:-1\" \/>\n<link rel=\"canonical\" href=\"https:\/\/www.gsheli.de\/?page_id=73\" class=\"yoast-seo-meta-tag\" \/>\n<meta property=\"og:locale\" content=\"de_DE\" class=\"yoast-seo-meta-tag\" \/>\n<meta property=\"og:type\" content=\"article\" class=\"yoast-seo-meta-tag\" \/>\n<meta property=\"og:title\" content=\"Der Schulhof - Grundschule Hessisch Lichtenau\" class=\"yoast-seo-meta-tag\" \/>\n<meta property=\"og:description\" content=\"Der naturnahe Schulhof Unser Schulhof ist in den letzten Jahren Schritt\u00a0f\u00fcr Schritt umgestaltet worden. Wo vorher eine wenig anregende Teerfl\u00e4che war,\u00a0befinden sich jetzt\u00a0Steininseln, H\u00fcgel und B\u00fcsche. Ein Holzhaus beherbergt die\u00a0Spielger\u00e4te und ein Weidentipi l\u00e4dt zum Verstecken ein. Die Planung erfolgte durch ein B\u00fcro f\u00fcr Landschaftsplanung, welches sich auf p\u00e4dagogische Konzepte zur naturnahen Gestaltung von Schulh\u00f6fen &hellip; Der Schulhof weiterlesen &rarr;\" class=\"yoast-seo-meta-tag\" \/>\n<meta property=\"og:url\" content=\"https:\/\/www.gsheli.de\/?page_id=73\" class=\"yoast-seo-meta-tag\" \/>\n<meta property=\"og:site_name\" content=\"Grundschule Hessisch Lichtenau\" class=\"yoast-seo-meta-tag\" \/>\n<meta property=\"article:modified_time\" content=\"2017-09-29T23:01:33+00:00\" class=\"yoast-seo-meta-tag\" \/>\n<meta property=\"og:image\" content=\"https:\/\/www.gsheli.de\/wp\/wp-content\/uploads\/2016\/12\/P1070457-1024x768.jpg\" class=\"yoast-seo-meta-tag\" \/>\n<meta name=\"twitter:card\" content=\"summary_large_image\" class=\"yoast-seo-meta-tag\" \/>\n<meta name=\"twitter:label1\" content=\"Gesch\u00e4tzte Lesezeit\" class=\"yoast-seo-meta-tag\" \/>\n\t<meta name=\"twitter:data1\" content=\"1\u00a0Minute\" class=\"yoast-seo-meta-tag\" \/>\n<script type=\"application\/ld+json\" class=\"yoast-schema-graph\">{\"@context\":\"https:\\\/\\\/schema.org\",\"@graph\":[{\"@type\":\"WebPage\",\"@id\":\"https:\\\/\\\/www.gsheli.de\\\/?page_id=73\",\"url\":\"https:\\\/\\\/www.gsheli.de\\\/?page_id=73\",\"name\":\"Der Schulhof - Grundschule Hessisch Lichtenau\",\"isPartOf\":{\"@id\":\"https:\\\/\\\/www.gsheli.de\\\/#website\"},\"primaryImageOfPage\":{\"@id\":\"https:\\\/\\\/www.gsheli.de\\\/?page_id=73#primaryimage\"},\"image\":{\"@id\":\"https:\\\/\\\/www.gsheli.de\\\/?page_id=73#primaryimage\"},\"thumbnailUrl\":\"https:\\\/\\\/www.gsheli.de\\\/wp\\\/wp-content\\\/uploads\\\/2016\\\/12\\\/P1070457-1024x768.jpg\",\"datePublished\":\"2016-08-02T07:46:28+00:00\",\"dateModified\":\"2017-09-29T23:01:33+00:00\",\"breadcrumb\":{\"@id\":\"https:\\\/\\\/www.gsheli.de\\\/?page_id=73#breadcrumb\"},\"inLanguage\":\"de\",\"potentialAction\":[{\"@type\":\"ReadAction\",\"target\":[\"https:\\\/\\\/www.gsheli.de\\\/?page_id=73\"]}]},{\"@type\":\"ImageObject\",\"inLanguage\":\"de\",\"@id\":\"https:\\\/\\\/www.gsheli.de\\\/?page_id=73#primaryimage\",\"url\":\"https:\\\/\\\/www.gsheli.de\\\/wp\\\/wp-content\\\/uploads\\\/2016\\\/12\\\/P1070457-1024x768.jpg\",\"contentUrl\":\"https:\\\/\\\/www.gsheli.de\\\/wp\\\/wp-content\\\/uploads\\\/2016\\\/12\\\/P1070457-1024x768.jpg\"},{\"@type\":\"BreadcrumbList\",\"@id\":\"https:\\\/\\\/www.gsheli.de\\\/?page_id=73#breadcrumb\",\"itemListElement\":[{\"@type\":\"ListItem\",\"position\":1,\"name\":\"Startseite\",\"item\":\"https:\\\/\\\/www.gsheli.de\\\/\"},{\"@type\":\"ListItem\",\"position\":2,\"name\":\"Ein Rundgang\",\"item\":\"https:\\\/\\\/www.gsheli.de\\\/?page_id=315\"},{\"@type\":\"ListItem\",\"position\":3,\"name\":\"Der Schulhof\"}]},{\"@type\":\"WebSite\",\"@id\":\"https:\\\/\\\/www.gsheli.de\\\/#website\",\"url\":\"https:\\\/\\\/www.gsheli.de\\\/\",\"name\":\"Grundschule Hessisch Lichtenau\",\"description\":\"\",\"potentialAction\":[{\"@type\":\"SearchAction\",\"target\":{\"@type\":\"EntryPoint\",\"urlTemplate\":\"https:\\\/\\\/www.gsheli.de\\\/?s={search_term_string}\"},\"query-input\":{\"@type\":\"PropertyValueSpecification\",\"valueRequired\":true,\"valueName\":\"search_term_string\"}}],\"inLanguage\":\"de\"}]}<\/script>\n<!-- \/ Yoast SEO plugin. -->","yoast_head_json":{"title":"Der Schulhof - Grundschule Hessisch Lichtenau","robots":{"index":"index","follow":"follow","max-snippet":"max-snippet:-1","max-image-preview":"max-image-preview:large","max-video-preview":"max-video-preview:-1"},"canonical":"https:\/\/www.gsheli.de\/?page_id=73","og_locale":"de_DE","og_type":"article","og_title":"Der Schulhof - Grundschule Hessisch Lichtenau","og_description":"Der naturnahe Schulhof Unser Schulhof ist in den letzten Jahren Schritt\u00a0f\u00fcr Schritt umgestaltet worden. Wo vorher eine wenig anregende Teerfl\u00e4che war,\u00a0befinden sich jetzt\u00a0Steininseln, H\u00fcgel und B\u00fcsche. Ein Holzhaus beherbergt die\u00a0Spielger\u00e4te und ein Weidentipi l\u00e4dt zum Verstecken ein. Die Planung erfolgte durch ein B\u00fcro f\u00fcr Landschaftsplanung, welches sich auf p\u00e4dagogische Konzepte zur naturnahen Gestaltung von Schulh\u00f6fen &hellip; Der Schulhof weiterlesen &rarr;","og_url":"https:\/\/www.gsheli.de\/?page_id=73","og_site_name":"Grundschule Hessisch Lichtenau","article_modified_time":"2017-09-29T23:01:33+00:00","og_image":[{"url":"https:\/\/www.gsheli.de\/wp\/wp-content\/uploads\/2016\/12\/P1070457-1024x768.jpg","type":"","width":"","height":""}],"twitter_card":"summary_large_image","twitter_misc":{"Gesch\u00e4tzte Lesezeit":"1\u00a0Minute"},"schema":{"@context":"https:\/\/schema.org","@graph":[{"@type":"WebPage","@id":"https:\/\/www.gsheli.de\/?page_id=73","url":"https:\/\/www.gsheli.de\/?page_id=73","name":"Der Schulhof - Grundschule Hessisch Lichtenau","isPartOf":{"@id":"https:\/\/www.gsheli.de\/#website"},"primaryImageOfPage":{"@id":"https:\/\/www.gsheli.de\/?page_id=73#primaryimage"},"image":{"@id":"https:\/\/www.gsheli.de\/?page_id=73#primaryimage"},"thumbnailUrl":"https:\/\/www.gsheli.de\/wp\/wp-content\/uploads\/2016\/12\/P1070457-1024x768.jpg","datePublished":"2016-08-02T07:46:28+00:00","dateModified":"2017-09-29T23:01:33+00:00","breadcrumb":{"@id":"https:\/\/www.gsheli.de\/?page_id=73#breadcrumb"},"inLanguage":"de","potentialAction":[{"@type":"ReadAction","target":["https:\/\/www.gsheli.de\/?page_id=73"]}]},{"@type":"ImageObject","inLanguage":"de","@id":"https:\/\/www.gsheli.de\/?page_id=73#primaryimage","url":"https:\/\/www.gsheli.de\/wp\/wp-content\/uploads\/2016\/12\/P1070457-1024x768.jpg","contentUrl":"https:\/\/www.gsheli.de\/wp\/wp-content\/uploads\/2016\/12\/P1070457-1024x768.jpg"},{"@type":"BreadcrumbList","@id":"https:\/\/www.gsheli.de\/?page_id=73#breadcrumb","itemListElement":[{"@type":"ListItem","position":1,"name":"Startseite","item":"https:\/\/www.gsheli.de\/"},{"@type":"ListItem","position":2,"name":"Ein Rundgang","item":"https:\/\/www.gsheli.de\/?page_id=315"},{"@type":"ListItem","position":3,"name":"Der Schulhof"}]},{"@type":"WebSite","@id":"https:\/\/www.gsheli.de\/#website","url":"https:\/\/www.gsheli.de\/","name":"Grundschule Hessisch Lichtenau","description":"","potentialAction":[{"@type":"SearchAction","target":{"@type":"EntryPoint","urlTemplate":"https:\/\/www.gsheli.de\/?s={search_term_string}"},"query-input":{"@type":"PropertyValueSpecification","valueRequired":true,"valueName":"search_term_string"}}],"inLanguage":"de"}]}},"_links":{"self":[{"href":"https:\/\/www.gsheli.de\/index.php?rest_route=\/wp\/v2\/pages\/73","targetHints":{"allow":["GET"]}}],"collection":[{"href":"https:\/\/www.gsheli.de\/index.php?rest_route=\/wp\/v2\/pages"}],"about":[{"href":"https:\/\/www.gsheli.de\/index.php?rest_route=\/wp\/v2\/types\/page"}],"author":[{"embeddable":true,"href":"https:\/\/www.gsheli.de\/index.php?rest_route=\/wp\/v2\/users\/4"}],"replies":[{"embeddable":true,"href":"https:\/\/www.gsheli.de\/index.php?rest_route=%2Fwp%2Fv2%2Fcomments&post=73"}],"version-history":[{"count":5,"href":"https:\/\/www.gsheli.de\/index.php?rest_route=\/wp\/v2\/pages\/73\/revisions"}],"predecessor-version":[{"id":971,"href":"https:\/\/www.gsheli.de\/index.php?rest_route=\/wp\/v2\/pages\/73\/revisions\/971"}],"up":[{"embeddable":true,"href":"https:\/\/www.gsheli.de\/index.php?rest_route=\/wp\/v2\/pages\/315"}],"wp:attachment":[{"href":"https:\/\/www.gsheli.de\/index.php?rest_route=%2Fwp%2Fv2%2Fmedia&parent=73"}],"curies":[{"name":"wp","href":"https:\/\/api.w.org\/{rel}","templated":true}]}}