{"id":40,"date":"2016-07-31T21:52:57","date_gmt":"2016-07-31T19:52:57","guid":{"rendered":"http:\/\/gsheli.de\/wp\/?page_id=40"},"modified":"2023-05-12T11:33:13","modified_gmt":"2023-05-12T09:33:13","slug":"schulchor-ags","status":"publish","type":"page","link":"https:\/\/www.gsheli.de\/?page_id=40","title":{"rendered":"Musikalische Aktivit\u00e4ten"},"content":{"rendered":"<p style=\"text-align: center;\"><strong>Juni 2023: &#8222;Aladin und die Wunderlampe&#8220;<\/strong><\/p>\n<p><img loading=\"lazy\" decoding=\"async\" class=\"alignnone size-medium wp-image-2357\" src=\"https:\/\/www.gsheli.de\/wp-content\/uploads\/2023\/05\/Aladin1-e1683883626728-419x600.png\" alt=\"\" width=\"419\" height=\"600\" srcset=\"https:\/\/www.gsheli.de\/wp-content\/uploads\/2023\/05\/Aladin1-e1683883626728-419x600.png 419w, https:\/\/www.gsheli.de\/wp-content\/uploads\/2023\/05\/Aladin1-e1683883626728-716x1024.png 716w, https:\/\/www.gsheli.de\/wp-content\/uploads\/2023\/05\/Aladin1-e1683883626728.png 736w\" sizes=\"auto, (max-width: 419px) 100vw, 419px\" \/> <img loading=\"lazy\" decoding=\"async\" class=\"alignnone size-medium wp-image-2358\" src=\"https:\/\/www.gsheli.de\/wp-content\/uploads\/2023\/05\/Aladin2-e1683883713588-411x600.png\" alt=\"\" width=\"411\" height=\"600\" srcset=\"https:\/\/www.gsheli.de\/wp-content\/uploads\/2023\/05\/Aladin2-e1683883713588-411x600.png 411w, https:\/\/www.gsheli.de\/wp-content\/uploads\/2023\/05\/Aladin2-e1683883713588-701x1024.png 701w, https:\/\/www.gsheli.de\/wp-content\/uploads\/2023\/05\/Aladin2-e1683883713588.png 738w\" sizes=\"auto, (max-width: 411px) 100vw, 411px\" \/><\/p>\n<p style=\"text-align: center;\"><strong>&#8222;Das Dschungelbuch&#8220;<\/strong><\/p>\n<p>&#8230; basiert auf Erz\u00e4hlungen und Gedichten des britischen Autors Rudygard Kipling (1865 &#8211; 1936).<\/p>\n<p><img loading=\"lazy\" decoding=\"async\" class=\"size-full wp-image-1120 aligncenter\" src=\"https:\/\/www.gsheli.de\/wp-content\/uploads\/2018\/05\/Banner.jpeg\" alt=\"\" width=\"480\" height=\"480\" srcset=\"https:\/\/www.gsheli.de\/wp-content\/uploads\/2018\/05\/Banner.jpeg 480w, https:\/\/www.gsheli.de\/wp-content\/uploads\/2018\/05\/Banner-300x300.jpeg 300w\" sizes=\"auto, (max-width: 480px) 100vw, 480px\" \/><\/p>\n<p>Mowgli wird als Baby von dem heimt\u00fcckischen Tiger Shere Khan aus einem indischen Dorf am Rande des Dschungels verschleppt. Der Panther Bagheera rettet das Baby und bringt ihn zu einer Wolfsfamilie, wo er aufw\u00e4chst. Mowglis Versteck wird jedoch an den gemeinen Tiger verraten. Nun wird es f\u00fcr Mowgli zu gef\u00e4hrlich bei den W\u00f6lfen zu leben. Seine Freunde Baloo und Bagheera wollen ihn deshalb auf das Leben im Dschungel vorbereiten. Dabei begegnet er vielen interessanten Bewohnern der Wildnis.<\/p>\n<p><img loading=\"lazy\" decoding=\"async\" class=\"size-medium wp-image-1183 aligncenter\" src=\"https:\/\/www.gsheli.de\/wp-content\/uploads\/2018\/04\/IMG_4740-399x600.jpg\" alt=\"\" width=\"399\" height=\"600\" srcset=\"https:\/\/www.gsheli.de\/wp-content\/uploads\/2018\/04\/IMG_4740-399x600.jpg 399w, https:\/\/www.gsheli.de\/wp-content\/uploads\/2018\/04\/IMG_4740.jpg 511w\" sizes=\"auto, (max-width: 399px) 100vw, 399px\" \/><img loading=\"lazy\" decoding=\"async\" class=\"alignnone size-medium wp-image-1184\" src=\"https:\/\/www.gsheli.de\/wp-content\/uploads\/2018\/04\/IMG_4752-600x400.jpg\" alt=\"\" width=\"600\" height=\"400\" \/><\/p>\n<p><img loading=\"lazy\" decoding=\"async\" class=\"alignnone size-medium wp-image-1195\" src=\"https:\/\/www.gsheli.de\/wp-content\/uploads\/2018\/04\/IMG_4901-600x400.jpg\" alt=\"\" width=\"600\" height=\"400\" srcset=\"https:\/\/www.gsheli.de\/wp-content\/uploads\/2018\/04\/IMG_4901-600x400.jpg 600w, https:\/\/www.gsheli.de\/wp-content\/uploads\/2018\/04\/IMG_4901-768x512.jpg 768w, https:\/\/www.gsheli.de\/wp-content\/uploads\/2018\/04\/IMG_4901.jpg 1024w\" sizes=\"auto, (max-width: 600px) 100vw, 600px\" \/><\/p>\n<p><img loading=\"lazy\" decoding=\"async\" class=\"size-medium wp-image-1197 aligncenter\" src=\"https:\/\/www.gsheli.de\/wp-content\/uploads\/2018\/04\/IMG_4995-399x600.jpg\" alt=\"\" width=\"399\" height=\"600\" srcset=\"https:\/\/www.gsheli.de\/wp-content\/uploads\/2018\/04\/IMG_4995-399x600.jpg 399w, https:\/\/www.gsheli.de\/wp-content\/uploads\/2018\/04\/IMG_4995.jpg 511w\" sizes=\"auto, (max-width: 399px) 100vw, 399px\" \/><\/p>\n<p><img loading=\"lazy\" decoding=\"async\" class=\"size-medium wp-image-1198 aligncenter\" src=\"https:\/\/www.gsheli.de\/wp-content\/uploads\/2018\/04\/IMG_5019-399x600.jpg\" alt=\"\" width=\"399\" height=\"600\" srcset=\"https:\/\/www.gsheli.de\/wp-content\/uploads\/2018\/04\/IMG_5019-399x600.jpg 399w, https:\/\/www.gsheli.de\/wp-content\/uploads\/2018\/04\/IMG_5019.jpg 511w\" sizes=\"auto, (max-width: 399px) 100vw, 399px\" \/><img loading=\"lazy\" decoding=\"async\" class=\"alignnone size-medium wp-image-1196\" src=\"https:\/\/www.gsheli.de\/wp-content\/uploads\/2018\/04\/IMG_4946-600x400.jpg\" alt=\"\" width=\"600\" height=\"400\" srcset=\"https:\/\/www.gsheli.de\/wp-content\/uploads\/2018\/04\/IMG_4946-600x400.jpg 600w, https:\/\/www.gsheli.de\/wp-content\/uploads\/2018\/04\/IMG_4946-768x512.jpg 768w, https:\/\/www.gsheli.de\/wp-content\/uploads\/2018\/04\/IMG_4946.jpg 1024w\" sizes=\"auto, (max-width: 600px) 100vw, 600px\" \/><\/p>\n<p><img loading=\"lazy\" decoding=\"async\" class=\"size-medium wp-image-1194 aligncenter\" src=\"https:\/\/www.gsheli.de\/wp-content\/uploads\/2018\/04\/IMG_4883-399x600.jpg\" alt=\"\" width=\"399\" height=\"600\" srcset=\"https:\/\/www.gsheli.de\/wp-content\/uploads\/2018\/04\/IMG_4883-399x600.jpg 399w, https:\/\/www.gsheli.de\/wp-content\/uploads\/2018\/04\/IMG_4883.jpg 511w\" sizes=\"auto, (max-width: 399px) 100vw, 399px\" \/><img loading=\"lazy\" decoding=\"async\" class=\"alignnone size-medium wp-image-1193\" src=\"https:\/\/www.gsheli.de\/wp-content\/uploads\/2018\/04\/IMG_4874-600x400.jpg\" alt=\"\" width=\"600\" height=\"400\" srcset=\"https:\/\/www.gsheli.de\/wp-content\/uploads\/2018\/04\/IMG_4874-600x400.jpg 600w, https:\/\/www.gsheli.de\/wp-content\/uploads\/2018\/04\/IMG_4874-768x512.jpg 768w, https:\/\/www.gsheli.de\/wp-content\/uploads\/2018\/04\/IMG_4874.jpg 1024w\" sizes=\"auto, (max-width: 600px) 100vw, 600px\" \/><img loading=\"lazy\" decoding=\"async\" class=\"alignnone size-medium wp-image-1192\" src=\"https:\/\/www.gsheli.de\/wp-content\/uploads\/2018\/04\/IMG_4859-600x400.jpg\" alt=\"\" width=\"600\" height=\"400\" srcset=\"https:\/\/www.gsheli.de\/wp-content\/uploads\/2018\/04\/IMG_4859-600x400.jpg 600w, https:\/\/www.gsheli.de\/wp-content\/uploads\/2018\/04\/IMG_4859-768x512.jpg 768w, https:\/\/www.gsheli.de\/wp-content\/uploads\/2018\/04\/IMG_4859.jpg 1024w\" sizes=\"auto, (max-width: 600px) 100vw, 600px\" \/><img loading=\"lazy\" decoding=\"async\" class=\"alignnone size-medium wp-image-1191\" src=\"https:\/\/www.gsheli.de\/wp-content\/uploads\/2018\/04\/IMG_4843-600x400.jpg\" alt=\"\" width=\"600\" height=\"400\" srcset=\"https:\/\/www.gsheli.de\/wp-content\/uploads\/2018\/04\/IMG_4843-600x400.jpg 600w, https:\/\/www.gsheli.de\/wp-content\/uploads\/2018\/04\/IMG_4843-768x512.jpg 768w, https:\/\/www.gsheli.de\/wp-content\/uploads\/2018\/04\/IMG_4843.jpg 1024w\" sizes=\"auto, (max-width: 600px) 100vw, 600px\" \/><img loading=\"lazy\" decoding=\"async\" class=\"alignnone size-medium wp-image-1190\" src=\"https:\/\/www.gsheli.de\/wp-content\/uploads\/2018\/04\/IMG_4841-600x400.jpg\" alt=\"\" width=\"600\" height=\"400\" srcset=\"https:\/\/www.gsheli.de\/wp-content\/uploads\/2018\/04\/IMG_4841-600x400.jpg 600w, https:\/\/www.gsheli.de\/wp-content\/uploads\/2018\/04\/IMG_4841-768x512.jpg 768w, https:\/\/www.gsheli.de\/wp-content\/uploads\/2018\/04\/IMG_4841.jpg 1024w\" sizes=\"auto, (max-width: 600px) 100vw, 600px\" \/><img loading=\"lazy\" decoding=\"async\" class=\"alignnone size-medium wp-image-1189\" src=\"https:\/\/www.gsheli.de\/wp-content\/uploads\/2018\/04\/IMG_4833-600x400.jpg\" alt=\"\" width=\"600\" height=\"400\" srcset=\"https:\/\/www.gsheli.de\/wp-content\/uploads\/2018\/04\/IMG_4833-600x400.jpg 600w, https:\/\/www.gsheli.de\/wp-content\/uploads\/2018\/04\/IMG_4833-768x512.jpg 768w, https:\/\/www.gsheli.de\/wp-content\/uploads\/2018\/04\/IMG_4833.jpg 1024w\" sizes=\"auto, (max-width: 600px) 100vw, 600px\" \/><img loading=\"lazy\" decoding=\"async\" class=\"alignnone size-medium wp-image-1188\" src=\"https:\/\/www.gsheli.de\/wp-content\/uploads\/2018\/04\/IMG_4803-600x400.jpg\" alt=\"\" width=\"600\" height=\"400\" srcset=\"https:\/\/www.gsheli.de\/wp-content\/uploads\/2018\/04\/IMG_4803-600x400.jpg 600w, https:\/\/www.gsheli.de\/wp-content\/uploads\/2018\/04\/IMG_4803-768x512.jpg 768w, https:\/\/www.gsheli.de\/wp-content\/uploads\/2018\/04\/IMG_4803.jpg 1024w\" sizes=\"auto, (max-width: 600px) 100vw, 600px\" \/><img loading=\"lazy\" decoding=\"async\" class=\"alignnone size-medium wp-image-1187\" src=\"https:\/\/www.gsheli.de\/wp-content\/uploads\/2018\/04\/IMG_4793-600x400.jpg\" alt=\"\" width=\"600\" height=\"400\" srcset=\"https:\/\/www.gsheli.de\/wp-content\/uploads\/2018\/04\/IMG_4793-600x400.jpg 600w, https:\/\/www.gsheli.de\/wp-content\/uploads\/2018\/04\/IMG_4793-768x512.jpg 768w, https:\/\/www.gsheli.de\/wp-content\/uploads\/2018\/04\/IMG_4793.jpg 1024w\" sizes=\"auto, (max-width: 600px) 100vw, 600px\" \/><img loading=\"lazy\" decoding=\"async\" class=\"alignnone size-medium wp-image-1186\" src=\"https:\/\/www.gsheli.de\/wp-content\/uploads\/2018\/04\/IMG_4791-600x400.jpg\" alt=\"\" width=\"600\" height=\"400\" srcset=\"https:\/\/www.gsheli.de\/wp-content\/uploads\/2018\/04\/IMG_4791-600x400.jpg 600w, https:\/\/www.gsheli.de\/wp-content\/uploads\/2018\/04\/IMG_4791-768x512.jpg 768w, https:\/\/www.gsheli.de\/wp-content\/uploads\/2018\/04\/IMG_4791.jpg 1024w\" sizes=\"auto, (max-width: 600px) 100vw, 600px\" \/><img loading=\"lazy\" decoding=\"async\" class=\"size-medium wp-image-1185 aligncenter\" src=\"https:\/\/www.gsheli.de\/wp-content\/uploads\/2018\/04\/IMG_4775-399x600.jpg\" alt=\"\" width=\"399\" height=\"600\" srcset=\"https:\/\/www.gsheli.de\/wp-content\/uploads\/2018\/04\/IMG_4775-399x600.jpg 399w, https:\/\/www.gsheli.de\/wp-content\/uploads\/2018\/04\/IMG_4775.jpg 511w\" sizes=\"auto, (max-width: 399px) 100vw, 399px\" \/><img loading=\"lazy\" decoding=\"async\" class=\"size-medium wp-image-1182 aligncenter\" src=\"https:\/\/www.gsheli.de\/wp-content\/uploads\/2018\/04\/IMG_4734-399x600.jpg\" alt=\"\" width=\"399\" height=\"600\" srcset=\"https:\/\/www.gsheli.de\/wp-content\/uploads\/2018\/04\/IMG_4734-399x600.jpg 399w, https:\/\/www.gsheli.de\/wp-content\/uploads\/2018\/04\/IMG_4734.jpg 511w\" sizes=\"auto, (max-width: 399px) 100vw, 399px\" \/><img loading=\"lazy\" decoding=\"async\" class=\"alignnone size-medium wp-image-1181\" src=\"https:\/\/www.gsheli.de\/wp-content\/uploads\/2018\/04\/IMG_4694-600x400.jpg\" alt=\"\" width=\"600\" height=\"400\" srcset=\"https:\/\/www.gsheli.de\/wp-content\/uploads\/2018\/04\/IMG_4694-600x400.jpg 600w, https:\/\/www.gsheli.de\/wp-content\/uploads\/2018\/04\/IMG_4694-768x512.jpg 768w, https:\/\/www.gsheli.de\/wp-content\/uploads\/2018\/04\/IMG_4694.jpg 1024w\" sizes=\"auto, (max-width: 600px) 100vw, 600px\" \/><img loading=\"lazy\" decoding=\"async\" class=\"alignnone size-medium wp-image-1180\" src=\"https:\/\/www.gsheli.de\/wp-content\/uploads\/2018\/04\/IMG_4685-600x400.jpg\" alt=\"\" width=\"600\" height=\"400\" srcset=\"https:\/\/www.gsheli.de\/wp-content\/uploads\/2018\/04\/IMG_4685-600x400.jpg 600w, https:\/\/www.gsheli.de\/wp-content\/uploads\/2018\/04\/IMG_4685-768x512.jpg 768w, https:\/\/www.gsheli.de\/wp-content\/uploads\/2018\/04\/IMG_4685.jpg 1024w\" sizes=\"auto, (max-width: 600px) 100vw, 600px\" \/><img loading=\"lazy\" decoding=\"async\" class=\"alignnone size-medium wp-image-1179\" src=\"https:\/\/www.gsheli.de\/wp-content\/uploads\/2018\/04\/IMG_4659-600x400.jpg\" alt=\"\" width=\"600\" height=\"400\" srcset=\"https:\/\/www.gsheli.de\/wp-content\/uploads\/2018\/04\/IMG_4659-600x400.jpg 600w, https:\/\/www.gsheli.de\/wp-content\/uploads\/2018\/04\/IMG_4659-768x512.jpg 768w, https:\/\/www.gsheli.de\/wp-content\/uploads\/2018\/04\/IMG_4659.jpg 1024w\" sizes=\"auto, (max-width: 600px) 100vw, 600px\" \/><\/p>\n<p style=\"text-align: center;\"><img loading=\"lazy\" decoding=\"async\" class=\"alignnone size-medium wp-image-1085\" src=\"https:\/\/www.gsheli.de\/wp-content\/uploads\/2018\/03\/IMG-20180317-WA0004-338x600.jpg\" alt=\"\" width=\"338\" height=\"600\" srcset=\"https:\/\/www.gsheli.de\/wp-content\/uploads\/2018\/03\/IMG-20180317-WA0004-338x600.jpg 338w, https:\/\/www.gsheli.de\/wp-content\/uploads\/2018\/03\/IMG-20180317-WA0004-576x1024.jpg 576w, https:\/\/www.gsheli.de\/wp-content\/uploads\/2018\/03\/IMG-20180317-WA0004.jpg 720w\" sizes=\"auto, (max-width: 338px) 100vw, 338px\" \/><\/p>\n<p><img loading=\"lazy\" decoding=\"async\" class=\"alignnone size-medium wp-image-1086\" src=\"https:\/\/www.gsheli.de\/wp-content\/uploads\/2018\/03\/IMG-20180317-WA0007-600x450.jpg\" alt=\"\" width=\"600\" height=\"450\" srcset=\"https:\/\/www.gsheli.de\/wp-content\/uploads\/2018\/03\/IMG-20180317-WA0007-600x450.jpg 600w, https:\/\/www.gsheli.de\/wp-content\/uploads\/2018\/03\/IMG-20180317-WA0007-768x576.jpg 768w, https:\/\/www.gsheli.de\/wp-content\/uploads\/2018\/03\/IMG-20180317-WA0007-1024x768.jpg 1024w, https:\/\/www.gsheli.de\/wp-content\/uploads\/2018\/03\/IMG-20180317-WA0007.jpg 1280w\" sizes=\"auto, (max-width: 600px) 100vw, 600px\" \/><\/p>\n<p>&nbsp;<\/p>\n<p><strong><a href=\"https:\/\/www.gsheli.de\/aktivitaeten-2\/sport\/\">Sportliche Ereignisse\u2192<\/a><\/strong><\/p>\n","protected":false},"excerpt":{"rendered":"<p>Juni 2023: &#8222;Aladin und die Wunderlampe&#8220; &#8222;Das Dschungelbuch&#8220; &#8230; basiert auf Erz\u00e4hlungen und Gedichten des britischen Autors Rudygard Kipling (1865 &#8211; 1936). Mowgli wird als Baby von dem heimt\u00fcckischen Tiger Shere Khan aus einem indischen Dorf am Rande des Dschungels verschleppt. Der Panther Bagheera rettet das Baby und bringt ihn zu einer Wolfsfamilie, wo er &hellip; <a href=\"https:\/\/www.gsheli.de\/?page_id=40\" class=\"more-link\"><span class=\"screen-reader-text\">Musikalische Aktivit\u00e4ten<\/span> weiterlesen <span class=\"meta-nav\">&rarr;<\/span><\/a><\/p>\n","protected":false},"author":4,"featured_media":0,"parent":324,"menu_order":32,"comment_status":"closed","ping_status":"closed","template":"","meta":{"_bbp_topic_count":0,"_bbp_reply_count":0,"_bbp_total_topic_count":0,"_bbp_total_reply_count":0,"_bbp_voice_count":0,"_bbp_anonymous_reply_count":0,"_bbp_topic_count_hidden":0,"_bbp_reply_count_hidden":0,"_bbp_forum_subforum_count":0,"_crdt_document":"","footnotes":""},"class_list":["post-40","page","type-page","status-publish","hentry"],"yoast_head":"<!-- This site is optimized with the Yoast SEO plugin v27.5 - https:\/\/yoast.com\/product\/yoast-seo-wordpress\/ -->\n<title>Musikalische Aktivit\u00e4ten - Grundschule Hessisch Lichtenau<\/title>\n<meta name=\"robots\" content=\"index, follow, max-snippet:-1, max-image-preview:large, max-video-preview:-1\" \/>\n<link rel=\"canonical\" href=\"https:\/\/www.gsheli.de\/?page_id=40\" class=\"yoast-seo-meta-tag\" \/>\n<meta property=\"og:locale\" content=\"de_DE\" class=\"yoast-seo-meta-tag\" \/>\n<meta property=\"og:type\" content=\"article\" class=\"yoast-seo-meta-tag\" \/>\n<meta property=\"og:title\" content=\"Musikalische Aktivit\u00e4ten - Grundschule Hessisch Lichtenau\" class=\"yoast-seo-meta-tag\" \/>\n<meta property=\"og:description\" content=\"Juni 2023: &#8222;Aladin und die Wunderlampe&#8220; &#8222;Das Dschungelbuch&#8220; &#8230; basiert auf Erz\u00e4hlungen und Gedichten des britischen Autors Rudygard Kipling (1865 &#8211; 1936). Mowgli wird als Baby von dem heimt\u00fcckischen Tiger Shere Khan aus einem indischen Dorf am Rande des Dschungels verschleppt. Der Panther Bagheera rettet das Baby und bringt ihn zu einer Wolfsfamilie, wo er &hellip; Musikalische Aktivit\u00e4ten weiterlesen &rarr;\" class=\"yoast-seo-meta-tag\" \/>\n<meta property=\"og:url\" content=\"https:\/\/www.gsheli.de\/?page_id=40\" class=\"yoast-seo-meta-tag\" \/>\n<meta property=\"og:site_name\" content=\"Grundschule Hessisch Lichtenau\" class=\"yoast-seo-meta-tag\" \/>\n<meta property=\"article:modified_time\" content=\"2023-05-12T09:33:13+00:00\" class=\"yoast-seo-meta-tag\" \/>\n<meta property=\"og:image\" content=\"https:\/\/www.gsheli.de\/wp-content\/uploads\/2023\/05\/Aladin1-e1683883626728-419x600.png\" class=\"yoast-seo-meta-tag\" \/>\n<meta name=\"twitter:card\" content=\"summary_large_image\" class=\"yoast-seo-meta-tag\" \/>\n<meta name=\"twitter:label1\" content=\"Gesch\u00e4tzte Lesezeit\" class=\"yoast-seo-meta-tag\" \/>\n\t<meta name=\"twitter:data1\" content=\"6\u00a0Minuten\" class=\"yoast-seo-meta-tag\" \/>\n<script type=\"application\/ld+json\" class=\"yoast-schema-graph\">{\"@context\":\"https:\\\/\\\/schema.org\",\"@graph\":[{\"@type\":\"WebPage\",\"@id\":\"https:\\\/\\\/www.gsheli.de\\\/?page_id=40\",\"url\":\"https:\\\/\\\/www.gsheli.de\\\/?page_id=40\",\"name\":\"Musikalische Aktivit\u00e4ten - Grundschule Hessisch Lichtenau\",\"isPartOf\":{\"@id\":\"https:\\\/\\\/www.gsheli.de\\\/#website\"},\"primaryImageOfPage\":{\"@id\":\"https:\\\/\\\/www.gsheli.de\\\/?page_id=40#primaryimage\"},\"image\":{\"@id\":\"https:\\\/\\\/www.gsheli.de\\\/?page_id=40#primaryimage\"},\"thumbnailUrl\":\"https:\\\/\\\/www.gsheli.de\\\/wp-content\\\/uploads\\\/2023\\\/05\\\/Aladin1-e1683883626728-419x600.png\",\"datePublished\":\"2016-07-31T19:52:57+00:00\",\"dateModified\":\"2023-05-12T09:33:13+00:00\",\"breadcrumb\":{\"@id\":\"https:\\\/\\\/www.gsheli.de\\\/?page_id=40#breadcrumb\"},\"inLanguage\":\"de\",\"potentialAction\":[{\"@type\":\"ReadAction\",\"target\":[\"https:\\\/\\\/www.gsheli.de\\\/?page_id=40\"]}]},{\"@type\":\"ImageObject\",\"inLanguage\":\"de\",\"@id\":\"https:\\\/\\\/www.gsheli.de\\\/?page_id=40#primaryimage\",\"url\":\"https:\\\/\\\/www.gsheli.de\\\/wp-content\\\/uploads\\\/2023\\\/05\\\/Aladin1-e1683883626728.png\",\"contentUrl\":\"https:\\\/\\\/www.gsheli.de\\\/wp-content\\\/uploads\\\/2023\\\/05\\\/Aladin1-e1683883626728.png\",\"width\":736,\"height\":1053},{\"@type\":\"BreadcrumbList\",\"@id\":\"https:\\\/\\\/www.gsheli.de\\\/?page_id=40#breadcrumb\",\"itemListElement\":[{\"@type\":\"ListItem\",\"position\":1,\"name\":\"Startseite\",\"item\":\"https:\\\/\\\/www.gsheli.de\\\/\"},{\"@type\":\"ListItem\",\"position\":2,\"name\":\"Aktivit\u00e4ten\",\"item\":\"https:\\\/\\\/www.gsheli.de\\\/?page_id=324\"},{\"@type\":\"ListItem\",\"position\":3,\"name\":\"Musikalische Aktivit\u00e4ten\"}]},{\"@type\":\"WebSite\",\"@id\":\"https:\\\/\\\/www.gsheli.de\\\/#website\",\"url\":\"https:\\\/\\\/www.gsheli.de\\\/\",\"name\":\"Grundschule Hessisch Lichtenau\",\"description\":\"\",\"potentialAction\":[{\"@type\":\"SearchAction\",\"target\":{\"@type\":\"EntryPoint\",\"urlTemplate\":\"https:\\\/\\\/www.gsheli.de\\\/?s={search_term_string}\"},\"query-input\":{\"@type\":\"PropertyValueSpecification\",\"valueRequired\":true,\"valueName\":\"search_term_string\"}}],\"inLanguage\":\"de\"}]}<\/script>\n<!-- \/ Yoast SEO plugin. -->","yoast_head_json":{"title":"Musikalische Aktivit\u00e4ten - Grundschule Hessisch Lichtenau","robots":{"index":"index","follow":"follow","max-snippet":"max-snippet:-1","max-image-preview":"max-image-preview:large","max-video-preview":"max-video-preview:-1"},"canonical":"https:\/\/www.gsheli.de\/?page_id=40","og_locale":"de_DE","og_type":"article","og_title":"Musikalische Aktivit\u00e4ten - Grundschule Hessisch Lichtenau","og_description":"Juni 2023: &#8222;Aladin und die Wunderlampe&#8220; &#8222;Das Dschungelbuch&#8220; &#8230; basiert auf Erz\u00e4hlungen und Gedichten des britischen Autors Rudygard Kipling (1865 &#8211; 1936). Mowgli wird als Baby von dem heimt\u00fcckischen Tiger Shere Khan aus einem indischen Dorf am Rande des Dschungels verschleppt. Der Panther Bagheera rettet das Baby und bringt ihn zu einer Wolfsfamilie, wo er &hellip; Musikalische Aktivit\u00e4ten weiterlesen &rarr;","og_url":"https:\/\/www.gsheli.de\/?page_id=40","og_site_name":"Grundschule Hessisch Lichtenau","article_modified_time":"2023-05-12T09:33:13+00:00","og_image":[{"url":"https:\/\/www.gsheli.de\/wp-content\/uploads\/2023\/05\/Aladin1-e1683883626728-419x600.png","type":"","width":"","height":""}],"twitter_card":"summary_large_image","twitter_misc":{"Gesch\u00e4tzte Lesezeit":"6\u00a0Minuten"},"schema":{"@context":"https:\/\/schema.org","@graph":[{"@type":"WebPage","@id":"https:\/\/www.gsheli.de\/?page_id=40","url":"https:\/\/www.gsheli.de\/?page_id=40","name":"Musikalische Aktivit\u00e4ten - Grundschule Hessisch Lichtenau","isPartOf":{"@id":"https:\/\/www.gsheli.de\/#website"},"primaryImageOfPage":{"@id":"https:\/\/www.gsheli.de\/?page_id=40#primaryimage"},"image":{"@id":"https:\/\/www.gsheli.de\/?page_id=40#primaryimage"},"thumbnailUrl":"https:\/\/www.gsheli.de\/wp-content\/uploads\/2023\/05\/Aladin1-e1683883626728-419x600.png","datePublished":"2016-07-31T19:52:57+00:00","dateModified":"2023-05-12T09:33:13+00:00","breadcrumb":{"@id":"https:\/\/www.gsheli.de\/?page_id=40#breadcrumb"},"inLanguage":"de","potentialAction":[{"@type":"ReadAction","target":["https:\/\/www.gsheli.de\/?page_id=40"]}]},{"@type":"ImageObject","inLanguage":"de","@id":"https:\/\/www.gsheli.de\/?page_id=40#primaryimage","url":"https:\/\/www.gsheli.de\/wp-content\/uploads\/2023\/05\/Aladin1-e1683883626728.png","contentUrl":"https:\/\/www.gsheli.de\/wp-content\/uploads\/2023\/05\/Aladin1-e1683883626728.png","width":736,"height":1053},{"@type":"BreadcrumbList","@id":"https:\/\/www.gsheli.de\/?page_id=40#breadcrumb","itemListElement":[{"@type":"ListItem","position":1,"name":"Startseite","item":"https:\/\/www.gsheli.de\/"},{"@type":"ListItem","position":2,"name":"Aktivit\u00e4ten","item":"https:\/\/www.gsheli.de\/?page_id=324"},{"@type":"ListItem","position":3,"name":"Musikalische Aktivit\u00e4ten"}]},{"@type":"WebSite","@id":"https:\/\/www.gsheli.de\/#website","url":"https:\/\/www.gsheli.de\/","name":"Grundschule Hessisch Lichtenau","description":"","potentialAction":[{"@type":"SearchAction","target":{"@type":"EntryPoint","urlTemplate":"https:\/\/www.gsheli.de\/?s={search_term_string}"},"query-input":{"@type":"PropertyValueSpecification","valueRequired":true,"valueName":"search_term_string"}}],"inLanguage":"de"}]}},"_links":{"self":[{"href":"https:\/\/www.gsheli.de\/index.php?rest_route=\/wp\/v2\/pages\/40","targetHints":{"allow":["GET"]}}],"collection":[{"href":"https:\/\/www.gsheli.de\/index.php?rest_route=\/wp\/v2\/pages"}],"about":[{"href":"https:\/\/www.gsheli.de\/index.php?rest_route=\/wp\/v2\/types\/page"}],"author":[{"embeddable":true,"href":"https:\/\/www.gsheli.de\/index.php?rest_route=\/wp\/v2\/users\/4"}],"replies":[{"embeddable":true,"href":"https:\/\/www.gsheli.de\/index.php?rest_route=%2Fwp%2Fv2%2Fcomments&post=40"}],"version-history":[{"count":7,"href":"https:\/\/www.gsheli.de\/index.php?rest_route=\/wp\/v2\/pages\/40\/revisions"}],"predecessor-version":[{"id":2362,"href":"https:\/\/www.gsheli.de\/index.php?rest_route=\/wp\/v2\/pages\/40\/revisions\/2362"}],"up":[{"embeddable":true,"href":"https:\/\/www.gsheli.de\/index.php?rest_route=\/wp\/v2\/pages\/324"}],"wp:attachment":[{"href":"https:\/\/www.gsheli.de\/index.php?rest_route=%2Fwp%2Fv2%2Fmedia&parent=40"}],"curies":[{"name":"wp","href":"https:\/\/api.w.org\/{rel}","templated":true}]}}