{"id":34,"date":"2016-07-31T21:51:48","date_gmt":"2016-07-31T19:51:48","guid":{"rendered":"http:\/\/gsheli.de\/wp\/?page_id=34"},"modified":"2025-10-01T21:02:13","modified_gmt":"2025-10-01T19:02:13","slug":"impressum","status":"publish","type":"page","link":"https:\/\/www.gsheli.de\/?page_id=34","title":{"rendered":"Impressum"},"content":{"rendered":"<p>Grundschule Hessisch Lichtenau<\/p>\n<p><span style=\"line-height: 1.5;\">Grundschule des Werra-Mei\u00dfner- Kreises<\/span><\/p>\n<p><span style=\"line-height: 1.5;\">Heinrichstr. 20<\/span><br \/>\n37235 Hessisch Lichtenau<br \/>\nTel. 05602 &#8211; 2077<br \/>\nEmail: poststelle7582@schule.hessen.de<br \/>\nSchulleitung<br \/>\nStefanie Baierl &#8211; Schulleiterin<\/p>\n<p>Schultr\u00e4ger<br \/>\nWerra-Mei\u00dfner- Kreis<br \/>\nSchlossplatz 1<br \/>\n37269 Eschwege<br \/>\nTel: 05651 \/ 3020<br \/>\nFax: 05651 \/ 302-1999<\/p>\n<p>Die Seiten werden betreut von<br \/>\nSandra Kalthoff<br \/>\nTelefon 05602 &#8211; 2077<\/p>\n<p>Die Grundschule Hessisch Lichtenau \u00fcbernimmt keine Verantwortung f\u00fcr die Inhalte fremder Angebote. Seiten, auf die wir durch externe Links unmittelbar verweisen, werden von uns vor dem Setzen eines Links sorgf\u00e4ltig ausgew\u00e4hlt. Auf sp\u00e4tere \u00c4nderungen von unmittelbar verlinkten Seiten sowie auf Inhalte nachfolgender Seiten fremder Angebote haben wir jedoch keinen Einfluss. Wir distanzieren uns daher ausdr\u00fccklich von sp\u00e4teren \u00c4nderungen unmittelbar verlinkter Seiten, den Inhalten auf nachfolgenden Seiten sowie deren Anbietern.<\/p>\n<p>Anregungen und R\u00fcckmeldungen nehmen wir gerne entgegen.<\/p>\n<p><a href=\"https:\/\/www.gsheli.de\/?page_id=1148\">Datenschutzhinweise<\/a><\/p>\n","protected":false},"excerpt":{"rendered":"<p>Grundschule Hessisch Lichtenau Grundschule des Werra-Mei\u00dfner- Kreises Heinrichstr. 20 37235 Hessisch Lichtenau Tel. 05602 &#8211; 2077 Email: poststelle7582@schule.hessen.de Schulleitung Stefanie Baierl &#8211; Schulleiterin Schultr\u00e4ger Werra-Mei\u00dfner- Kreis Schlossplatz 1 37269 Eschwege Tel: 05651 \/ 3020 Fax: 05651 \/ 302-1999 Die Seiten werden betreut von Sandra Kalthoff Telefon 05602 &#8211; 2077 Die Grundschule Hessisch Lichtenau \u00fcbernimmt keine &hellip; <a href=\"https:\/\/www.gsheli.de\/?page_id=34\" class=\"more-link\"><span class=\"screen-reader-text\">Impressum<\/span> weiterlesen <span class=\"meta-nav\">&rarr;<\/span><\/a><\/p>\n","protected":false},"author":4,"featured_media":0,"parent":0,"menu_order":100,"comment_status":"closed","ping_status":"closed","template":"","meta":{"_bbp_topic_count":0,"_bbp_reply_count":0,"_bbp_total_topic_count":0,"_bbp_total_reply_count":0,"_bbp_voice_count":0,"_bbp_anonymous_reply_count":0,"_bbp_topic_count_hidden":0,"_bbp_reply_count_hidden":0,"_bbp_forum_subforum_count":0,"_crdt_document":"","footnotes":""},"class_list":["post-34","page","type-page","status-publish","hentry"],"yoast_head":"<!-- This site is optimized with the Yoast SEO plugin v27.5 - https:\/\/yoast.com\/product\/yoast-seo-wordpress\/ -->\n<title>Impressum - Grundschule Hessisch Lichtenau<\/title>\n<meta name=\"robots\" content=\"index, follow, max-snippet:-1, max-image-preview:large, max-video-preview:-1\" \/>\n<link rel=\"canonical\" href=\"https:\/\/www.gsheli.de\/?page_id=34\" class=\"yoast-seo-meta-tag\" \/>\n<meta property=\"og:locale\" content=\"de_DE\" class=\"yoast-seo-meta-tag\" \/>\n<meta property=\"og:type\" content=\"article\" class=\"yoast-seo-meta-tag\" \/>\n<meta property=\"og:title\" content=\"Impressum - Grundschule Hessisch Lichtenau\" class=\"yoast-seo-meta-tag\" \/>\n<meta property=\"og:description\" content=\"Grundschule Hessisch Lichtenau Grundschule des Werra-Mei\u00dfner- Kreises Heinrichstr. 20 37235 Hessisch Lichtenau Tel. 05602 &#8211; 2077 Email: poststelle7582@schule.hessen.de Schulleitung Stefanie Baierl &#8211; Schulleiterin Schultr\u00e4ger Werra-Mei\u00dfner- Kreis Schlossplatz 1 37269 Eschwege Tel: 05651 \/ 3020 Fax: 05651 \/ 302-1999 Die Seiten werden betreut von Sandra Kalthoff Telefon 05602 &#8211; 2077 Die Grundschule Hessisch Lichtenau \u00fcbernimmt keine &hellip; Impressum weiterlesen &rarr;\" class=\"yoast-seo-meta-tag\" \/>\n<meta property=\"og:url\" content=\"https:\/\/www.gsheli.de\/?page_id=34\" class=\"yoast-seo-meta-tag\" \/>\n<meta property=\"og:site_name\" content=\"Grundschule Hessisch Lichtenau\" class=\"yoast-seo-meta-tag\" \/>\n<meta property=\"article:modified_time\" content=\"2025-10-01T19:02:13+00:00\" class=\"yoast-seo-meta-tag\" \/>\n<meta name=\"twitter:card\" content=\"summary_large_image\" class=\"yoast-seo-meta-tag\" \/>\n<meta name=\"twitter:label1\" content=\"Gesch\u00e4tzte Lesezeit\" class=\"yoast-seo-meta-tag\" \/>\n\t<meta name=\"twitter:data1\" content=\"1\u00a0Minute\" class=\"yoast-seo-meta-tag\" \/>\n<script type=\"application\/ld+json\" class=\"yoast-schema-graph\">{\"@context\":\"https:\\\/\\\/schema.org\",\"@graph\":[{\"@type\":\"WebPage\",\"@id\":\"https:\\\/\\\/www.gsheli.de\\\/?page_id=34\",\"url\":\"https:\\\/\\\/www.gsheli.de\\\/?page_id=34\",\"name\":\"Impressum - Grundschule Hessisch Lichtenau\",\"isPartOf\":{\"@id\":\"https:\\\/\\\/www.gsheli.de\\\/#website\"},\"datePublished\":\"2016-07-31T19:51:48+00:00\",\"dateModified\":\"2025-10-01T19:02:13+00:00\",\"breadcrumb\":{\"@id\":\"https:\\\/\\\/www.gsheli.de\\\/?page_id=34#breadcrumb\"},\"inLanguage\":\"de\",\"potentialAction\":[{\"@type\":\"ReadAction\",\"target\":[\"https:\\\/\\\/www.gsheli.de\\\/?page_id=34\"]}]},{\"@type\":\"BreadcrumbList\",\"@id\":\"https:\\\/\\\/www.gsheli.de\\\/?page_id=34#breadcrumb\",\"itemListElement\":[{\"@type\":\"ListItem\",\"position\":1,\"name\":\"Startseite\",\"item\":\"https:\\\/\\\/www.gsheli.de\\\/\"},{\"@type\":\"ListItem\",\"position\":2,\"name\":\"Impressum\"}]},{\"@type\":\"WebSite\",\"@id\":\"https:\\\/\\\/www.gsheli.de\\\/#website\",\"url\":\"https:\\\/\\\/www.gsheli.de\\\/\",\"name\":\"Grundschule Hessisch Lichtenau\",\"description\":\"\",\"potentialAction\":[{\"@type\":\"SearchAction\",\"target\":{\"@type\":\"EntryPoint\",\"urlTemplate\":\"https:\\\/\\\/www.gsheli.de\\\/?s={search_term_string}\"},\"query-input\":{\"@type\":\"PropertyValueSpecification\",\"valueRequired\":true,\"valueName\":\"search_term_string\"}}],\"inLanguage\":\"de\"}]}<\/script>\n<!-- \/ Yoast SEO plugin. -->","yoast_head_json":{"title":"Impressum - Grundschule Hessisch Lichtenau","robots":{"index":"index","follow":"follow","max-snippet":"max-snippet:-1","max-image-preview":"max-image-preview:large","max-video-preview":"max-video-preview:-1"},"canonical":"https:\/\/www.gsheli.de\/?page_id=34","og_locale":"de_DE","og_type":"article","og_title":"Impressum - Grundschule Hessisch Lichtenau","og_description":"Grundschule Hessisch Lichtenau Grundschule des Werra-Mei\u00dfner- Kreises Heinrichstr. 20 37235 Hessisch Lichtenau Tel. 05602 &#8211; 2077 Email: poststelle7582@schule.hessen.de Schulleitung Stefanie Baierl &#8211; Schulleiterin Schultr\u00e4ger Werra-Mei\u00dfner- Kreis Schlossplatz 1 37269 Eschwege Tel: 05651 \/ 3020 Fax: 05651 \/ 302-1999 Die Seiten werden betreut von Sandra Kalthoff Telefon 05602 &#8211; 2077 Die Grundschule Hessisch Lichtenau \u00fcbernimmt keine &hellip; Impressum weiterlesen &rarr;","og_url":"https:\/\/www.gsheli.de\/?page_id=34","og_site_name":"Grundschule Hessisch Lichtenau","article_modified_time":"2025-10-01T19:02:13+00:00","twitter_card":"summary_large_image","twitter_misc":{"Gesch\u00e4tzte Lesezeit":"1\u00a0Minute"},"schema":{"@context":"https:\/\/schema.org","@graph":[{"@type":"WebPage","@id":"https:\/\/www.gsheli.de\/?page_id=34","url":"https:\/\/www.gsheli.de\/?page_id=34","name":"Impressum - Grundschule Hessisch Lichtenau","isPartOf":{"@id":"https:\/\/www.gsheli.de\/#website"},"datePublished":"2016-07-31T19:51:48+00:00","dateModified":"2025-10-01T19:02:13+00:00","breadcrumb":{"@id":"https:\/\/www.gsheli.de\/?page_id=34#breadcrumb"},"inLanguage":"de","potentialAction":[{"@type":"ReadAction","target":["https:\/\/www.gsheli.de\/?page_id=34"]}]},{"@type":"BreadcrumbList","@id":"https:\/\/www.gsheli.de\/?page_id=34#breadcrumb","itemListElement":[{"@type":"ListItem","position":1,"name":"Startseite","item":"https:\/\/www.gsheli.de\/"},{"@type":"ListItem","position":2,"name":"Impressum"}]},{"@type":"WebSite","@id":"https:\/\/www.gsheli.de\/#website","url":"https:\/\/www.gsheli.de\/","name":"Grundschule Hessisch Lichtenau","description":"","potentialAction":[{"@type":"SearchAction","target":{"@type":"EntryPoint","urlTemplate":"https:\/\/www.gsheli.de\/?s={search_term_string}"},"query-input":{"@type":"PropertyValueSpecification","valueRequired":true,"valueName":"search_term_string"}}],"inLanguage":"de"}]}},"_links":{"self":[{"href":"https:\/\/www.gsheli.de\/index.php?rest_route=\/wp\/v2\/pages\/34","targetHints":{"allow":["GET"]}}],"collection":[{"href":"https:\/\/www.gsheli.de\/index.php?rest_route=\/wp\/v2\/pages"}],"about":[{"href":"https:\/\/www.gsheli.de\/index.php?rest_route=\/wp\/v2\/types\/page"}],"author":[{"embeddable":true,"href":"https:\/\/www.gsheli.de\/index.php?rest_route=\/wp\/v2\/users\/4"}],"replies":[{"embeddable":true,"href":"https:\/\/www.gsheli.de\/index.php?rest_route=%2Fwp%2Fv2%2Fcomments&post=34"}],"version-history":[{"count":8,"href":"https:\/\/www.gsheli.de\/index.php?rest_route=\/wp\/v2\/pages\/34\/revisions"}],"predecessor-version":[{"id":3006,"href":"https:\/\/www.gsheli.de\/index.php?rest_route=\/wp\/v2\/pages\/34\/revisions\/3006"}],"wp:attachment":[{"href":"https:\/\/www.gsheli.de\/index.php?rest_route=%2Fwp%2Fv2%2Fmedia&parent=34"}],"curies":[{"name":"wp","href":"https:\/\/api.w.org\/{rel}","templated":true}]}}