{"id":315,"date":"2016-09-11T10:18:31","date_gmt":"2016-09-11T08:18:31","guid":{"rendered":"http:\/\/gsheli.de\/wp\/?page_id=315"},"modified":"2018-03-01T16:39:38","modified_gmt":"2018-03-01T15:39:38","slug":"ein-rundgang","status":"publish","type":"page","link":"https:\/\/www.gsheli.de\/?page_id=315","title":{"rendered":"Ein Rundgang"},"content":{"rendered":"<p>&nbsp;<\/p>\n<p><img loading=\"lazy\" decoding=\"async\" class=\"alignnone wp-image-681 size-medium\" src=\"https:\/\/www.gsheli.de\/wp\/wp-content\/uploads\/2016\/09\/IMG_6254-600x414.jpg\" alt=\"img_6254\" width=\"600\" height=\"414\" srcset=\"https:\/\/www.gsheli.de\/wp-content\/uploads\/2016\/09\/IMG_6254-600x414.jpg 600w, https:\/\/www.gsheli.de\/wp-content\/uploads\/2016\/09\/IMG_6254-768x530.jpg 768w, https:\/\/www.gsheli.de\/wp-content\/uploads\/2016\/09\/IMG_6254-1024x707.jpg 1024w\" sizes=\"auto, (max-width: 600px) 100vw, 600px\" \/><\/p>\n<p>Unsere Schule liegt zwischen der Heinrichstra\u00dfe und der Hopfelder Stra\u00dfe. Sie besteht aus sechs \u00a0Geb\u00e4udeteilen, die miteinander verbunden sind.<\/p>\n<p>Jeder Teil hat einen separaten Eingang und bietet jeweils Platz f\u00fcr vier R\u00e4ume &#8211; Klassen- oder Fachr\u00e4ume.<\/p>\n<p>An Fachr\u00e4umen gibt es u.a. einen PC-Raum, einen Werkraum, einen Musikraum sowie eine Schulk\u00fcche.<\/p>\n<p>Die Geb\u00e4ude der Grundschule stammen gr\u00f6\u00dftenteils aus den 60ziger Jahren. Aus dieser Zeit stammt auch das gro\u00dffl\u00e4chige Mosaik im Eingangsbereich des unteren Flurs, das eine bunte Unterwasserwelt zeigt.<\/p>\n<p><img loading=\"lazy\" decoding=\"async\" class=\"alignnone wp-image-97 size-medium\" src=\"https:\/\/www.gsheli.de\/wp\/wp-content\/uploads\/2016\/07\/rundgang_mosaik-300x224.jpg\" alt=\"rundgang_mosaik\" width=\"300\" height=\"224\" srcset=\"https:\/\/www.gsheli.de\/wp-content\/uploads\/2016\/07\/rundgang_mosaik-300x224.jpg 300w, https:\/\/www.gsheli.de\/wp-content\/uploads\/2016\/07\/rundgang_mosaik.jpg 450w\" sizes=\"auto, (max-width: 300px) 100vw, 300px\" \/><\/p>\n<p>&nbsp;<\/p>\n<p>&nbsp;<\/p>\n<p><strong><a href=\"https:\/\/www.gsheli.de\/ein-rundgang\/der-schulhof\/\" target=\"_blank\" rel=\"noopener\">Der Schulhof\u2192<\/a><\/strong><\/p>\n<p>&nbsp;<\/p>\n","protected":false},"excerpt":{"rendered":"<p>&nbsp; Unsere Schule liegt zwischen der Heinrichstra\u00dfe und der Hopfelder Stra\u00dfe. Sie besteht aus sechs \u00a0Geb\u00e4udeteilen, die miteinander verbunden sind. Jeder Teil hat einen separaten Eingang und bietet jeweils Platz f\u00fcr vier R\u00e4ume &#8211; Klassen- oder Fachr\u00e4ume. An Fachr\u00e4umen gibt es u.a. einen PC-Raum, einen Werkraum, einen Musikraum sowie eine Schulk\u00fcche. Die Geb\u00e4ude der Grundschule &hellip; <a href=\"https:\/\/www.gsheli.de\/?page_id=315\" class=\"more-link\"><span class=\"screen-reader-text\">Ein Rundgang<\/span> weiterlesen <span class=\"meta-nav\">&rarr;<\/span><\/a><\/p>\n","protected":false},"author":4,"featured_media":0,"parent":0,"menu_order":20,"comment_status":"closed","ping_status":"closed","template":"","meta":{"_bbp_topic_count":0,"_bbp_reply_count":0,"_bbp_total_topic_count":0,"_bbp_total_reply_count":0,"_bbp_voice_count":0,"_bbp_anonymous_reply_count":0,"_bbp_topic_count_hidden":0,"_bbp_reply_count_hidden":0,"_bbp_forum_subforum_count":0,"_crdt_document":"","footnotes":""},"class_list":["post-315","page","type-page","status-publish","hentry"],"yoast_head":"<!-- This site is optimized with the Yoast SEO plugin v27.5 - https:\/\/yoast.com\/product\/yoast-seo-wordpress\/ -->\n<title>Ein Rundgang - Grundschule Hessisch Lichtenau<\/title>\n<meta name=\"robots\" content=\"index, follow, max-snippet:-1, max-image-preview:large, max-video-preview:-1\" \/>\n<link rel=\"canonical\" href=\"https:\/\/www.gsheli.de\/?page_id=315\" class=\"yoast-seo-meta-tag\" \/>\n<meta property=\"og:locale\" content=\"de_DE\" class=\"yoast-seo-meta-tag\" \/>\n<meta property=\"og:type\" content=\"article\" class=\"yoast-seo-meta-tag\" \/>\n<meta property=\"og:title\" content=\"Ein Rundgang - Grundschule Hessisch Lichtenau\" class=\"yoast-seo-meta-tag\" \/>\n<meta property=\"og:description\" content=\"&nbsp; Unsere Schule liegt zwischen der Heinrichstra\u00dfe und der Hopfelder Stra\u00dfe. Sie besteht aus sechs \u00a0Geb\u00e4udeteilen, die miteinander verbunden sind. Jeder Teil hat einen separaten Eingang und bietet jeweils Platz f\u00fcr vier R\u00e4ume &#8211; Klassen- oder Fachr\u00e4ume. An Fachr\u00e4umen gibt es u.a. einen PC-Raum, einen Werkraum, einen Musikraum sowie eine Schulk\u00fcche. Die Geb\u00e4ude der Grundschule &hellip; Ein Rundgang weiterlesen &rarr;\" class=\"yoast-seo-meta-tag\" \/>\n<meta property=\"og:url\" content=\"https:\/\/www.gsheli.de\/?page_id=315\" class=\"yoast-seo-meta-tag\" \/>\n<meta property=\"og:site_name\" content=\"Grundschule Hessisch Lichtenau\" class=\"yoast-seo-meta-tag\" \/>\n<meta property=\"article:modified_time\" content=\"2018-03-01T15:39:38+00:00\" class=\"yoast-seo-meta-tag\" \/>\n<meta property=\"og:image\" content=\"https:\/\/www.gsheli.de\/wp\/wp-content\/uploads\/2016\/09\/IMG_6254-600x414.jpg\" class=\"yoast-seo-meta-tag\" \/>\n<meta name=\"twitter:card\" content=\"summary_large_image\" class=\"yoast-seo-meta-tag\" \/>\n<script type=\"application\/ld+json\" class=\"yoast-schema-graph\">{\"@context\":\"https:\\\/\\\/schema.org\",\"@graph\":[{\"@type\":\"WebPage\",\"@id\":\"https:\\\/\\\/www.gsheli.de\\\/?page_id=315\",\"url\":\"https:\\\/\\\/www.gsheli.de\\\/?page_id=315\",\"name\":\"Ein Rundgang - Grundschule Hessisch Lichtenau\",\"isPartOf\":{\"@id\":\"https:\\\/\\\/www.gsheli.de\\\/#website\"},\"primaryImageOfPage\":{\"@id\":\"https:\\\/\\\/www.gsheli.de\\\/?page_id=315#primaryimage\"},\"image\":{\"@id\":\"https:\\\/\\\/www.gsheli.de\\\/?page_id=315#primaryimage\"},\"thumbnailUrl\":\"https:\\\/\\\/www.gsheli.de\\\/wp\\\/wp-content\\\/uploads\\\/2016\\\/09\\\/IMG_6254-600x414.jpg\",\"datePublished\":\"2016-09-11T08:18:31+00:00\",\"dateModified\":\"2018-03-01T15:39:38+00:00\",\"breadcrumb\":{\"@id\":\"https:\\\/\\\/www.gsheli.de\\\/?page_id=315#breadcrumb\"},\"inLanguage\":\"de\",\"potentialAction\":[{\"@type\":\"ReadAction\",\"target\":[\"https:\\\/\\\/www.gsheli.de\\\/?page_id=315\"]}]},{\"@type\":\"ImageObject\",\"inLanguage\":\"de\",\"@id\":\"https:\\\/\\\/www.gsheli.de\\\/?page_id=315#primaryimage\",\"url\":\"https:\\\/\\\/www.gsheli.de\\\/wp\\\/wp-content\\\/uploads\\\/2016\\\/09\\\/IMG_6254-600x414.jpg\",\"contentUrl\":\"https:\\\/\\\/www.gsheli.de\\\/wp\\\/wp-content\\\/uploads\\\/2016\\\/09\\\/IMG_6254-600x414.jpg\"},{\"@type\":\"BreadcrumbList\",\"@id\":\"https:\\\/\\\/www.gsheli.de\\\/?page_id=315#breadcrumb\",\"itemListElement\":[{\"@type\":\"ListItem\",\"position\":1,\"name\":\"Startseite\",\"item\":\"https:\\\/\\\/www.gsheli.de\\\/\"},{\"@type\":\"ListItem\",\"position\":2,\"name\":\"Ein Rundgang\"}]},{\"@type\":\"WebSite\",\"@id\":\"https:\\\/\\\/www.gsheli.de\\\/#website\",\"url\":\"https:\\\/\\\/www.gsheli.de\\\/\",\"name\":\"Grundschule Hessisch Lichtenau\",\"description\":\"\",\"potentialAction\":[{\"@type\":\"SearchAction\",\"target\":{\"@type\":\"EntryPoint\",\"urlTemplate\":\"https:\\\/\\\/www.gsheli.de\\\/?s={search_term_string}\"},\"query-input\":{\"@type\":\"PropertyValueSpecification\",\"valueRequired\":true,\"valueName\":\"search_term_string\"}}],\"inLanguage\":\"de\"}]}<\/script>\n<!-- \/ Yoast SEO plugin. -->","yoast_head_json":{"title":"Ein Rundgang - Grundschule Hessisch Lichtenau","robots":{"index":"index","follow":"follow","max-snippet":"max-snippet:-1","max-image-preview":"max-image-preview:large","max-video-preview":"max-video-preview:-1"},"canonical":"https:\/\/www.gsheli.de\/?page_id=315","og_locale":"de_DE","og_type":"article","og_title":"Ein Rundgang - Grundschule Hessisch Lichtenau","og_description":"&nbsp; Unsere Schule liegt zwischen der Heinrichstra\u00dfe und der Hopfelder Stra\u00dfe. Sie besteht aus sechs \u00a0Geb\u00e4udeteilen, die miteinander verbunden sind. Jeder Teil hat einen separaten Eingang und bietet jeweils Platz f\u00fcr vier R\u00e4ume &#8211; Klassen- oder Fachr\u00e4ume. An Fachr\u00e4umen gibt es u.a. einen PC-Raum, einen Werkraum, einen Musikraum sowie eine Schulk\u00fcche. Die Geb\u00e4ude der Grundschule &hellip; Ein Rundgang weiterlesen &rarr;","og_url":"https:\/\/www.gsheli.de\/?page_id=315","og_site_name":"Grundschule Hessisch Lichtenau","article_modified_time":"2018-03-01T15:39:38+00:00","og_image":[{"url":"https:\/\/www.gsheli.de\/wp\/wp-content\/uploads\/2016\/09\/IMG_6254-600x414.jpg","type":"","width":"","height":""}],"twitter_card":"summary_large_image","schema":{"@context":"https:\/\/schema.org","@graph":[{"@type":"WebPage","@id":"https:\/\/www.gsheli.de\/?page_id=315","url":"https:\/\/www.gsheli.de\/?page_id=315","name":"Ein Rundgang - Grundschule Hessisch Lichtenau","isPartOf":{"@id":"https:\/\/www.gsheli.de\/#website"},"primaryImageOfPage":{"@id":"https:\/\/www.gsheli.de\/?page_id=315#primaryimage"},"image":{"@id":"https:\/\/www.gsheli.de\/?page_id=315#primaryimage"},"thumbnailUrl":"https:\/\/www.gsheli.de\/wp\/wp-content\/uploads\/2016\/09\/IMG_6254-600x414.jpg","datePublished":"2016-09-11T08:18:31+00:00","dateModified":"2018-03-01T15:39:38+00:00","breadcrumb":{"@id":"https:\/\/www.gsheli.de\/?page_id=315#breadcrumb"},"inLanguage":"de","potentialAction":[{"@type":"ReadAction","target":["https:\/\/www.gsheli.de\/?page_id=315"]}]},{"@type":"ImageObject","inLanguage":"de","@id":"https:\/\/www.gsheli.de\/?page_id=315#primaryimage","url":"https:\/\/www.gsheli.de\/wp\/wp-content\/uploads\/2016\/09\/IMG_6254-600x414.jpg","contentUrl":"https:\/\/www.gsheli.de\/wp\/wp-content\/uploads\/2016\/09\/IMG_6254-600x414.jpg"},{"@type":"BreadcrumbList","@id":"https:\/\/www.gsheli.de\/?page_id=315#breadcrumb","itemListElement":[{"@type":"ListItem","position":1,"name":"Startseite","item":"https:\/\/www.gsheli.de\/"},{"@type":"ListItem","position":2,"name":"Ein Rundgang"}]},{"@type":"WebSite","@id":"https:\/\/www.gsheli.de\/#website","url":"https:\/\/www.gsheli.de\/","name":"Grundschule Hessisch Lichtenau","description":"","potentialAction":[{"@type":"SearchAction","target":{"@type":"EntryPoint","urlTemplate":"https:\/\/www.gsheli.de\/?s={search_term_string}"},"query-input":{"@type":"PropertyValueSpecification","valueRequired":true,"valueName":"search_term_string"}}],"inLanguage":"de"}]}},"_links":{"self":[{"href":"https:\/\/www.gsheli.de\/index.php?rest_route=\/wp\/v2\/pages\/315","targetHints":{"allow":["GET"]}}],"collection":[{"href":"https:\/\/www.gsheli.de\/index.php?rest_route=\/wp\/v2\/pages"}],"about":[{"href":"https:\/\/www.gsheli.de\/index.php?rest_route=\/wp\/v2\/types\/page"}],"author":[{"embeddable":true,"href":"https:\/\/www.gsheli.de\/index.php?rest_route=\/wp\/v2\/users\/4"}],"replies":[{"embeddable":true,"href":"https:\/\/www.gsheli.de\/index.php?rest_route=%2Fwp%2Fv2%2Fcomments&post=315"}],"version-history":[{"count":5,"href":"https:\/\/www.gsheli.de\/index.php?rest_route=\/wp\/v2\/pages\/315\/revisions"}],"predecessor-version":[{"id":1054,"href":"https:\/\/www.gsheli.de\/index.php?rest_route=\/wp\/v2\/pages\/315\/revisions\/1054"}],"wp:attachment":[{"href":"https:\/\/www.gsheli.de\/index.php?rest_route=%2Fwp%2Fv2%2Fmedia&parent=315"}],"curies":[{"name":"wp","href":"https:\/\/api.w.org\/{rel}","templated":true}]}}