{"id":306,"date":"2016-09-11T09:58:56","date_gmt":"2016-09-11T07:58:56","guid":{"rendered":"http:\/\/gsheli.de\/wp\/?page_id=306"},"modified":"2025-02-28T11:06:36","modified_gmt":"2025-02-28T10:06:36","slug":"naehere-informationen","status":"publish","type":"page","link":"https:\/\/www.gsheli.de\/?page_id=306","title":{"rendered":"Wir stellen uns vor"},"content":{"rendered":"<p>GRUNDSCHULE HESSISCH LICHTENAU \u2013 EINE KURZBESCHREIBUNG<\/p>\r\n<p><img loading=\"lazy\" decoding=\"async\" class=\"wp-image-206 size-full aligncenter\" src=\"https:\/\/www.gsheli.de\/wp-content\/uploads\/2016\/08\/cropped-cropped-startseite_logo-e1478798346241.jpg\" width=\"120\" height=\"120\" \/><\/p>\r\n<p>Unsere Schule ist dreiz\u00fcgig organisiert und wird derzeit von ca. 280 Sch\u00fclerinnen und Sch\u00fclern besucht. Die Kinder kommen aus der Kernstadt sowie aus den Ortsteilen Hirschhagen und Friedrichsbr\u00fcck. Es gibt eine Vorklasse, die sich auf den Einzugsbereich der Grundschulen Gro\u00dfalmerode, Walburg und Hessisch Lichtenau bezieht. Im Schulverbund arbeitet die Grundschule Hessisch Lichtenau mit den Grundschulen F\u00fcrstenhagen und Walburg und der Eingangsstufe der Freiherr-vom Stein-Schule zusammen.<\/p>\r\n<p>Die Grundschule liegt zentral im Bereich der Innenstadt und befindet sich in der unmittelbaren Nachbarschaft der Eingangsstufe der Freiherr-vom-Stein-Schule.<\/p>\r\n\r\n<div class=\"wp-block-file\"><a href=\"https:\/\/www.gsheli.de\/wp-content\/uploads\/2020\/05\/Mai-2020_-PP-Pr\u00e4sentation-Grundschulelternabend-1.ppt\">Power Point Pr\u00e4sentation &#8211; Grundschulelternabend<\/a><\/div>\r\n<div>\u00a0<\/div>\r\n<div><a href=\"https:\/\/www.gsheli.de\/wp-content\/uploads\/2025\/02\/Erziehungsvereinbarungen_Planer-1.pdf\">Erziehungsvereinbarungen kurz<\/a><\/div>\r\n<div>\u00a0<\/div>\r\n\r\n\r\n\r\n<p class=\"wp-block-paragraph\"><a href=\"https:\/\/www.gsheli.de\/wp-content\/uploads\/2025\/02\/Erziehungsvereinbarungen-neu.pdf\">Erziehungsvereinbarungen ausf\u00fchrlich<\/a><\/p>\r\n","protected":false},"excerpt":{"rendered":"<p>GRUNDSCHULE HESSISCH LICHTENAU \u2013 EINE KURZBESCHREIBUNG Unsere Schule ist dreiz\u00fcgig organisiert und wird derzeit von ca. 280 Sch\u00fclerinnen und Sch\u00fclern besucht. Die Kinder kommen aus der Kernstadt sowie aus den Ortsteilen Hirschhagen und Friedrichsbr\u00fcck. Es gibt eine Vorklasse, die sich auf den Einzugsbereich der Grundschulen Gro\u00dfalmerode, Walburg und Hessisch Lichtenau bezieht. Im Schulverbund arbeitet die &hellip; <a href=\"https:\/\/www.gsheli.de\/?page_id=306\" class=\"more-link\"><span class=\"screen-reader-text\">Wir stellen uns vor<\/span> weiterlesen <span class=\"meta-nav\">&rarr;<\/span><\/a><\/p>\n","protected":false},"author":4,"featured_media":0,"parent":0,"menu_order":10,"comment_status":"closed","ping_status":"closed","template":"","meta":{"_bbp_topic_count":0,"_bbp_reply_count":0,"_bbp_total_topic_count":0,"_bbp_total_reply_count":0,"_bbp_voice_count":0,"_bbp_anonymous_reply_count":0,"_bbp_topic_count_hidden":0,"_bbp_reply_count_hidden":0,"_bbp_forum_subforum_count":0,"_crdt_document":"","footnotes":""},"class_list":["post-306","page","type-page","status-publish","hentry"],"yoast_head":"<!-- This site is optimized with the Yoast SEO plugin v27.5 - https:\/\/yoast.com\/product\/yoast-seo-wordpress\/ -->\n<title>Wir stellen uns vor - Grundschule Hessisch Lichtenau<\/title>\n<meta name=\"robots\" content=\"index, follow, max-snippet:-1, max-image-preview:large, max-video-preview:-1\" \/>\n<link rel=\"canonical\" href=\"https:\/\/www.gsheli.de\/?page_id=306\" class=\"yoast-seo-meta-tag\" \/>\n<meta property=\"og:locale\" content=\"de_DE\" class=\"yoast-seo-meta-tag\" \/>\n<meta property=\"og:type\" content=\"article\" class=\"yoast-seo-meta-tag\" \/>\n<meta property=\"og:title\" content=\"Wir stellen uns vor - Grundschule Hessisch Lichtenau\" class=\"yoast-seo-meta-tag\" \/>\n<meta property=\"og:description\" content=\"GRUNDSCHULE HESSISCH LICHTENAU \u2013 EINE KURZBESCHREIBUNG Unsere Schule ist dreiz\u00fcgig organisiert und wird derzeit von ca. 280 Sch\u00fclerinnen und Sch\u00fclern besucht. Die Kinder kommen aus der Kernstadt sowie aus den Ortsteilen Hirschhagen und Friedrichsbr\u00fcck. Es gibt eine Vorklasse, die sich auf den Einzugsbereich der Grundschulen Gro\u00dfalmerode, Walburg und Hessisch Lichtenau bezieht. Im Schulverbund arbeitet die &hellip; Wir stellen uns vor weiterlesen &rarr;\" class=\"yoast-seo-meta-tag\" \/>\n<meta property=\"og:url\" content=\"https:\/\/www.gsheli.de\/?page_id=306\" class=\"yoast-seo-meta-tag\" \/>\n<meta property=\"og:site_name\" content=\"Grundschule Hessisch Lichtenau\" class=\"yoast-seo-meta-tag\" \/>\n<meta property=\"article:modified_time\" content=\"2025-02-28T10:06:36+00:00\" class=\"yoast-seo-meta-tag\" \/>\n<meta property=\"og:image\" content=\"https:\/\/www.gsheli.de\/wp-content\/uploads\/2016\/08\/cropped-cropped-startseite_logo-e1478798346241.jpg\" class=\"yoast-seo-meta-tag\" \/>\n\t<meta property=\"og:image:width\" content=\"120\" class=\"yoast-seo-meta-tag\" \/>\n\t<meta property=\"og:image:height\" content=\"120\" class=\"yoast-seo-meta-tag\" \/>\n\t<meta property=\"og:image:type\" content=\"image\/jpeg\" class=\"yoast-seo-meta-tag\" \/>\n<meta name=\"twitter:card\" content=\"summary_large_image\" class=\"yoast-seo-meta-tag\" \/>\n<meta name=\"twitter:label1\" content=\"Gesch\u00e4tzte Lesezeit\" class=\"yoast-seo-meta-tag\" \/>\n\t<meta name=\"twitter:data1\" content=\"1\u00a0Minute\" class=\"yoast-seo-meta-tag\" \/>\n<script type=\"application\/ld+json\" class=\"yoast-schema-graph\">{\"@context\":\"https:\\\/\\\/schema.org\",\"@graph\":[{\"@type\":\"WebPage\",\"@id\":\"https:\\\/\\\/www.gsheli.de\\\/?page_id=306\",\"url\":\"https:\\\/\\\/www.gsheli.de\\\/?page_id=306\",\"name\":\"Wir stellen uns vor - Grundschule Hessisch Lichtenau\",\"isPartOf\":{\"@id\":\"https:\\\/\\\/www.gsheli.de\\\/#website\"},\"primaryImageOfPage\":{\"@id\":\"https:\\\/\\\/www.gsheli.de\\\/?page_id=306#primaryimage\"},\"image\":{\"@id\":\"https:\\\/\\\/www.gsheli.de\\\/?page_id=306#primaryimage\"},\"thumbnailUrl\":\"https:\\\/\\\/www.gsheli.de\\\/wp-content\\\/uploads\\\/2016\\\/08\\\/cropped-cropped-startseite_logo-e1478798346241.jpg\",\"datePublished\":\"2016-09-11T07:58:56+00:00\",\"dateModified\":\"2025-02-28T10:06:36+00:00\",\"breadcrumb\":{\"@id\":\"https:\\\/\\\/www.gsheli.de\\\/?page_id=306#breadcrumb\"},\"inLanguage\":\"de\",\"potentialAction\":[{\"@type\":\"ReadAction\",\"target\":[\"https:\\\/\\\/www.gsheli.de\\\/?page_id=306\"]}]},{\"@type\":\"ImageObject\",\"inLanguage\":\"de\",\"@id\":\"https:\\\/\\\/www.gsheli.de\\\/?page_id=306#primaryimage\",\"url\":\"https:\\\/\\\/www.gsheli.de\\\/wp-content\\\/uploads\\\/2016\\\/08\\\/cropped-cropped-startseite_logo-e1478798346241.jpg\",\"contentUrl\":\"https:\\\/\\\/www.gsheli.de\\\/wp-content\\\/uploads\\\/2016\\\/08\\\/cropped-cropped-startseite_logo-e1478798346241.jpg\",\"width\":120,\"height\":120},{\"@type\":\"BreadcrumbList\",\"@id\":\"https:\\\/\\\/www.gsheli.de\\\/?page_id=306#breadcrumb\",\"itemListElement\":[{\"@type\":\"ListItem\",\"position\":1,\"name\":\"Startseite\",\"item\":\"https:\\\/\\\/www.gsheli.de\\\/\"},{\"@type\":\"ListItem\",\"position\":2,\"name\":\"Wir stellen uns vor\"}]},{\"@type\":\"WebSite\",\"@id\":\"https:\\\/\\\/www.gsheli.de\\\/#website\",\"url\":\"https:\\\/\\\/www.gsheli.de\\\/\",\"name\":\"Grundschule Hessisch Lichtenau\",\"description\":\"\",\"potentialAction\":[{\"@type\":\"SearchAction\",\"target\":{\"@type\":\"EntryPoint\",\"urlTemplate\":\"https:\\\/\\\/www.gsheli.de\\\/?s={search_term_string}\"},\"query-input\":{\"@type\":\"PropertyValueSpecification\",\"valueRequired\":true,\"valueName\":\"search_term_string\"}}],\"inLanguage\":\"de\"}]}<\/script>\n<!-- \/ Yoast SEO plugin. -->","yoast_head_json":{"title":"Wir stellen uns vor - Grundschule Hessisch Lichtenau","robots":{"index":"index","follow":"follow","max-snippet":"max-snippet:-1","max-image-preview":"max-image-preview:large","max-video-preview":"max-video-preview:-1"},"canonical":"https:\/\/www.gsheli.de\/?page_id=306","og_locale":"de_DE","og_type":"article","og_title":"Wir stellen uns vor - Grundschule Hessisch Lichtenau","og_description":"GRUNDSCHULE HESSISCH LICHTENAU \u2013 EINE KURZBESCHREIBUNG Unsere Schule ist dreiz\u00fcgig organisiert und wird derzeit von ca. 280 Sch\u00fclerinnen und Sch\u00fclern besucht. Die Kinder kommen aus der Kernstadt sowie aus den Ortsteilen Hirschhagen und Friedrichsbr\u00fcck. Es gibt eine Vorklasse, die sich auf den Einzugsbereich der Grundschulen Gro\u00dfalmerode, Walburg und Hessisch Lichtenau bezieht. Im Schulverbund arbeitet die &hellip; Wir stellen uns vor weiterlesen &rarr;","og_url":"https:\/\/www.gsheli.de\/?page_id=306","og_site_name":"Grundschule Hessisch Lichtenau","article_modified_time":"2025-02-28T10:06:36+00:00","og_image":[{"width":120,"height":120,"url":"https:\/\/www.gsheli.de\/wp-content\/uploads\/2016\/08\/cropped-cropped-startseite_logo-e1478798346241.jpg","type":"image\/jpeg"}],"twitter_card":"summary_large_image","twitter_misc":{"Gesch\u00e4tzte Lesezeit":"1\u00a0Minute"},"schema":{"@context":"https:\/\/schema.org","@graph":[{"@type":"WebPage","@id":"https:\/\/www.gsheli.de\/?page_id=306","url":"https:\/\/www.gsheli.de\/?page_id=306","name":"Wir stellen uns vor - Grundschule Hessisch Lichtenau","isPartOf":{"@id":"https:\/\/www.gsheli.de\/#website"},"primaryImageOfPage":{"@id":"https:\/\/www.gsheli.de\/?page_id=306#primaryimage"},"image":{"@id":"https:\/\/www.gsheli.de\/?page_id=306#primaryimage"},"thumbnailUrl":"https:\/\/www.gsheli.de\/wp-content\/uploads\/2016\/08\/cropped-cropped-startseite_logo-e1478798346241.jpg","datePublished":"2016-09-11T07:58:56+00:00","dateModified":"2025-02-28T10:06:36+00:00","breadcrumb":{"@id":"https:\/\/www.gsheli.de\/?page_id=306#breadcrumb"},"inLanguage":"de","potentialAction":[{"@type":"ReadAction","target":["https:\/\/www.gsheli.de\/?page_id=306"]}]},{"@type":"ImageObject","inLanguage":"de","@id":"https:\/\/www.gsheli.de\/?page_id=306#primaryimage","url":"https:\/\/www.gsheli.de\/wp-content\/uploads\/2016\/08\/cropped-cropped-startseite_logo-e1478798346241.jpg","contentUrl":"https:\/\/www.gsheli.de\/wp-content\/uploads\/2016\/08\/cropped-cropped-startseite_logo-e1478798346241.jpg","width":120,"height":120},{"@type":"BreadcrumbList","@id":"https:\/\/www.gsheli.de\/?page_id=306#breadcrumb","itemListElement":[{"@type":"ListItem","position":1,"name":"Startseite","item":"https:\/\/www.gsheli.de\/"},{"@type":"ListItem","position":2,"name":"Wir stellen uns vor"}]},{"@type":"WebSite","@id":"https:\/\/www.gsheli.de\/#website","url":"https:\/\/www.gsheli.de\/","name":"Grundschule Hessisch Lichtenau","description":"","potentialAction":[{"@type":"SearchAction","target":{"@type":"EntryPoint","urlTemplate":"https:\/\/www.gsheli.de\/?s={search_term_string}"},"query-input":{"@type":"PropertyValueSpecification","valueRequired":true,"valueName":"search_term_string"}}],"inLanguage":"de"}]}},"_links":{"self":[{"href":"https:\/\/www.gsheli.de\/index.php?rest_route=\/wp\/v2\/pages\/306","targetHints":{"allow":["GET"]}}],"collection":[{"href":"https:\/\/www.gsheli.de\/index.php?rest_route=\/wp\/v2\/pages"}],"about":[{"href":"https:\/\/www.gsheli.de\/index.php?rest_route=\/wp\/v2\/types\/page"}],"author":[{"embeddable":true,"href":"https:\/\/www.gsheli.de\/index.php?rest_route=\/wp\/v2\/users\/4"}],"replies":[{"embeddable":true,"href":"https:\/\/www.gsheli.de\/index.php?rest_route=%2Fwp%2Fv2%2Fcomments&post=306"}],"version-history":[{"count":13,"href":"https:\/\/www.gsheli.de\/index.php?rest_route=\/wp\/v2\/pages\/306\/revisions"}],"predecessor-version":[{"id":2819,"href":"https:\/\/www.gsheli.de\/index.php?rest_route=\/wp\/v2\/pages\/306\/revisions\/2819"}],"wp:attachment":[{"href":"https:\/\/www.gsheli.de\/index.php?rest_route=%2Fwp%2Fv2%2Fmedia&parent=306"}],"curies":[{"name":"wp","href":"https:\/\/api.w.org\/{rel}","templated":true}]}}