{"id":26,"date":"2016-07-31T21:50:05","date_gmt":"2016-07-31T19:50:05","guid":{"rendered":"http:\/\/gsheli.de\/wp\/?page_id=26"},"modified":"2018-06-07T21:06:29","modified_gmt":"2018-06-07T19:06:29","slug":"foerderverein","status":"publish","type":"page","link":"https:\/\/www.gsheli.de\/?page_id=26","title":{"rendered":"F\u00f6rderverein"},"content":{"rendered":"<h2><img loading=\"lazy\" decoding=\"async\" class=\"alignnone size-large wp-image-773\" src=\"https:\/\/www.gsheli.de\/wp-content\/uploads\/2017\/02\/Logo_neu-1024x166.png\" alt=\"\" width=\"604\" height=\"98\" srcset=\"https:\/\/www.gsheli.de\/wp-content\/uploads\/2017\/02\/Logo_neu-1024x166.png 1024w, https:\/\/www.gsheli.de\/wp-content\/uploads\/2017\/02\/Logo_neu-600x97.png 600w, https:\/\/www.gsheli.de\/wp-content\/uploads\/2017\/02\/Logo_neu-768x125.png 768w, https:\/\/www.gsheli.de\/wp-content\/uploads\/2017\/02\/Logo_neu.png 1924w\" sizes=\"auto, (max-width: 604px) 100vw, 604px\" \/><\/h2>\n<h3><strong>Welche Ziele haben wir?<\/strong><\/h3>\n<p>Der F\u00f6rderverein, gegr\u00fcndet im Jahr 1991, hat sich zum Ziel gesetzt, die T\u00e4tigkeit des Elternbeirats an der Grundschule Hessisch Lichtenau zu unterst\u00fctzen.<\/p>\n<p align=\"LEFT\">Aktionen, Investitionen und Projekte, die den \u00fcblichen Rahmen und die M\u00f6glichkeiten der Grundschule \u00fcbersteigen, werden vom F\u00f6rderverein ideell und finanziell unterst\u00fctzt. Dazu z\u00e4hlt, die kulturelle Arbeit mit den Grundsch\u00fclern zu f\u00f6rdern, gestalterische Initiativen und Ma\u00dfnahmen zu erm\u00f6glichen um den Schulalltag abwechslungsreicher und sch\u00f6ner zu gestalten.<\/p>\n<p align=\"LEFT\"><img loading=\"lazy\" decoding=\"async\" class=\"alignnone size-large wp-image-893\" src=\"https:\/\/www.gsheli.de\/wp-content\/uploads\/2017\/04\/fv1-1024x683.jpg\" alt=\"\" width=\"604\" height=\"403\" srcset=\"https:\/\/www.gsheli.de\/wp-content\/uploads\/2017\/04\/fv1-1024x683.jpg 1024w, https:\/\/www.gsheli.de\/wp-content\/uploads\/2017\/04\/fv1-600x400.jpg 600w, https:\/\/www.gsheli.de\/wp-content\/uploads\/2017\/04\/fv1-768x512.jpg 768w, https:\/\/www.gsheli.de\/wp-content\/uploads\/2017\/04\/fv1.jpg 2048w\" sizes=\"auto, (max-width: 604px) 100vw, 604px\" \/><\/p>\n<h3 align=\"LEFT\">Was f\u00f6rdern wir?<\/h3>\n<ul>\n<li>Zus\u00e4tzliche Unterrichtsmaterialen, die sinnvolles Lernen unterst\u00fctzen<\/li>\n<li>Spiel- und Fahrzeuge f\u00fcr den Pausenhof, Spielger\u00e4te<\/li>\n<li>Schulhofgestaltung und \u2013bepflanzung<\/li>\n<li>Mobiliar und technische Ausr\u00fcstung, z.B. Einrichtung Schulk\u00fcche<\/li>\n<li>Organisation von Veranstaltungen wie Einschulungscaf\u00e9, Mitmachzirkus und Weihnachtsmarkt<\/li>\n<\/ul>\n<h3><img loading=\"lazy\" decoding=\"async\" class=\"alignnone size-large wp-image-894\" src=\"https:\/\/www.gsheli.de\/wp-content\/uploads\/2017\/04\/schulfest-1024x703.jpg\" alt=\"\" width=\"604\" height=\"415\" srcset=\"https:\/\/www.gsheli.de\/wp-content\/uploads\/2017\/04\/schulfest-1024x703.jpg 1024w, https:\/\/www.gsheli.de\/wp-content\/uploads\/2017\/04\/schulfest-600x412.jpg 600w, https:\/\/www.gsheli.de\/wp-content\/uploads\/2017\/04\/schulfest-768x527.jpg 768w, https:\/\/www.gsheli.de\/wp-content\/uploads\/2017\/04\/schulfest.jpg 2048w\" sizes=\"auto, (max-width: 604px) 100vw, 604px\" \/><\/h3>\n<h3>Wie k\u00f6nnen Sie helfen?<\/h3>\n<p>Zur Realisierung der vielen interessanten Vorhaben und Projekte sind wir auf Ihre Mithilfe angewiesen. Da sich unser Verein vorrangig aus Mitgliedsbeitr\u00e4gen und Spenden finanziert und alle Aktivit\u00e4ten auf ehrenamtlicher Basis stattfinden, freuen wir uns auf zahlreiche\u00a0 Mitglieder und Spender sowie aktive Helfer.<\/p>\n<p>Gemeinsam etwas erreichen &#8211; f\u00f6rdern Sie mit!<\/p>\n<p><strong>Download-Link:<\/strong><br \/>\n<a href=\"https:\/\/www.gsheli.de\/wp-content\/uploads\/2017\/10\/Flyer_2017_Gesamt.pdf\">F\u00f6rderverein &#8211; Flyer 2017<\/a><\/p>\n<hr \/>\n<h2><\/h2>\n<p>&nbsp;<\/p>\n","protected":false},"excerpt":{"rendered":"<p>Welche Ziele haben wir? Der F\u00f6rderverein, gegr\u00fcndet im Jahr 1991, hat sich zum Ziel gesetzt, die T\u00e4tigkeit des Elternbeirats an der Grundschule Hessisch Lichtenau zu unterst\u00fctzen. Aktionen, Investitionen und Projekte, die den \u00fcblichen Rahmen und die M\u00f6glichkeiten der Grundschule \u00fcbersteigen, werden vom F\u00f6rderverein ideell und finanziell unterst\u00fctzt. Dazu z\u00e4hlt, die kulturelle Arbeit mit den Grundsch\u00fclern &hellip; <a href=\"https:\/\/www.gsheli.de\/?page_id=26\" class=\"more-link\"><span class=\"screen-reader-text\">F\u00f6rderverein<\/span> weiterlesen <span class=\"meta-nav\">&rarr;<\/span><\/a><\/p>\n","protected":false},"author":4,"featured_media":0,"parent":0,"menu_order":50,"comment_status":"closed","ping_status":"closed","template":"","meta":{"_bbp_topic_count":0,"_bbp_reply_count":0,"_bbp_total_topic_count":0,"_bbp_total_reply_count":0,"_bbp_voice_count":0,"_bbp_anonymous_reply_count":0,"_bbp_topic_count_hidden":0,"_bbp_reply_count_hidden":0,"_bbp_forum_subforum_count":0,"_crdt_document":"","footnotes":""},"class_list":["post-26","page","type-page","status-publish","hentry"],"yoast_head":"<!-- This site is optimized with the Yoast SEO plugin v27.5 - https:\/\/yoast.com\/product\/yoast-seo-wordpress\/ -->\n<title>F\u00f6rderverein - Grundschule Hessisch Lichtenau<\/title>\n<meta name=\"robots\" content=\"index, follow, max-snippet:-1, max-image-preview:large, max-video-preview:-1\" \/>\n<link rel=\"canonical\" href=\"https:\/\/www.gsheli.de\/?page_id=26\" class=\"yoast-seo-meta-tag\" \/>\n<meta property=\"og:locale\" content=\"de_DE\" class=\"yoast-seo-meta-tag\" \/>\n<meta property=\"og:type\" content=\"article\" class=\"yoast-seo-meta-tag\" \/>\n<meta property=\"og:title\" content=\"F\u00f6rderverein - Grundschule Hessisch Lichtenau\" class=\"yoast-seo-meta-tag\" \/>\n<meta property=\"og:description\" content=\"Welche Ziele haben wir? Der F\u00f6rderverein, gegr\u00fcndet im Jahr 1991, hat sich zum Ziel gesetzt, die T\u00e4tigkeit des Elternbeirats an der Grundschule Hessisch Lichtenau zu unterst\u00fctzen. Aktionen, Investitionen und Projekte, die den \u00fcblichen Rahmen und die M\u00f6glichkeiten der Grundschule \u00fcbersteigen, werden vom F\u00f6rderverein ideell und finanziell unterst\u00fctzt. Dazu z\u00e4hlt, die kulturelle Arbeit mit den Grundsch\u00fclern &hellip; F\u00f6rderverein weiterlesen &rarr;\" class=\"yoast-seo-meta-tag\" \/>\n<meta property=\"og:url\" content=\"https:\/\/www.gsheli.de\/?page_id=26\" class=\"yoast-seo-meta-tag\" \/>\n<meta property=\"og:site_name\" content=\"Grundschule Hessisch Lichtenau\" class=\"yoast-seo-meta-tag\" \/>\n<meta property=\"article:modified_time\" content=\"2018-06-07T19:06:29+00:00\" class=\"yoast-seo-meta-tag\" \/>\n<meta property=\"og:image\" content=\"https:\/\/www.gsheli.de\/wp-content\/uploads\/2017\/02\/Logo_neu-1024x166.png\" class=\"yoast-seo-meta-tag\" \/>\n<meta name=\"twitter:card\" content=\"summary_large_image\" class=\"yoast-seo-meta-tag\" \/>\n<meta name=\"twitter:label1\" content=\"Gesch\u00e4tzte Lesezeit\" class=\"yoast-seo-meta-tag\" \/>\n\t<meta name=\"twitter:data1\" content=\"1\u00a0Minute\" class=\"yoast-seo-meta-tag\" \/>\n<script type=\"application\/ld+json\" class=\"yoast-schema-graph\">{\"@context\":\"https:\\\/\\\/schema.org\",\"@graph\":[{\"@type\":\"WebPage\",\"@id\":\"https:\\\/\\\/www.gsheli.de\\\/?page_id=26\",\"url\":\"https:\\\/\\\/www.gsheli.de\\\/?page_id=26\",\"name\":\"F\u00f6rderverein - Grundschule Hessisch Lichtenau\",\"isPartOf\":{\"@id\":\"https:\\\/\\\/www.gsheli.de\\\/#website\"},\"primaryImageOfPage\":{\"@id\":\"https:\\\/\\\/www.gsheli.de\\\/?page_id=26#primaryimage\"},\"image\":{\"@id\":\"https:\\\/\\\/www.gsheli.de\\\/?page_id=26#primaryimage\"},\"thumbnailUrl\":\"https:\\\/\\\/www.gsheli.de\\\/wp-content\\\/uploads\\\/2017\\\/02\\\/Logo_neu-1024x166.png\",\"datePublished\":\"2016-07-31T19:50:05+00:00\",\"dateModified\":\"2018-06-07T19:06:29+00:00\",\"breadcrumb\":{\"@id\":\"https:\\\/\\\/www.gsheli.de\\\/?page_id=26#breadcrumb\"},\"inLanguage\":\"de\",\"potentialAction\":[{\"@type\":\"ReadAction\",\"target\":[\"https:\\\/\\\/www.gsheli.de\\\/?page_id=26\"]}]},{\"@type\":\"ImageObject\",\"inLanguage\":\"de\",\"@id\":\"https:\\\/\\\/www.gsheli.de\\\/?page_id=26#primaryimage\",\"url\":\"https:\\\/\\\/www.gsheli.de\\\/wp-content\\\/uploads\\\/2017\\\/02\\\/Logo_neu.png\",\"contentUrl\":\"https:\\\/\\\/www.gsheli.de\\\/wp-content\\\/uploads\\\/2017\\\/02\\\/Logo_neu.png\",\"width\":1924,\"height\":312},{\"@type\":\"BreadcrumbList\",\"@id\":\"https:\\\/\\\/www.gsheli.de\\\/?page_id=26#breadcrumb\",\"itemListElement\":[{\"@type\":\"ListItem\",\"position\":1,\"name\":\"Startseite\",\"item\":\"https:\\\/\\\/www.gsheli.de\\\/\"},{\"@type\":\"ListItem\",\"position\":2,\"name\":\"F\u00f6rderverein\"}]},{\"@type\":\"WebSite\",\"@id\":\"https:\\\/\\\/www.gsheli.de\\\/#website\",\"url\":\"https:\\\/\\\/www.gsheli.de\\\/\",\"name\":\"Grundschule Hessisch Lichtenau\",\"description\":\"\",\"potentialAction\":[{\"@type\":\"SearchAction\",\"target\":{\"@type\":\"EntryPoint\",\"urlTemplate\":\"https:\\\/\\\/www.gsheli.de\\\/?s={search_term_string}\"},\"query-input\":{\"@type\":\"PropertyValueSpecification\",\"valueRequired\":true,\"valueName\":\"search_term_string\"}}],\"inLanguage\":\"de\"}]}<\/script>\n<!-- \/ Yoast SEO plugin. -->","yoast_head_json":{"title":"F\u00f6rderverein - Grundschule Hessisch Lichtenau","robots":{"index":"index","follow":"follow","max-snippet":"max-snippet:-1","max-image-preview":"max-image-preview:large","max-video-preview":"max-video-preview:-1"},"canonical":"https:\/\/www.gsheli.de\/?page_id=26","og_locale":"de_DE","og_type":"article","og_title":"F\u00f6rderverein - Grundschule Hessisch Lichtenau","og_description":"Welche Ziele haben wir? Der F\u00f6rderverein, gegr\u00fcndet im Jahr 1991, hat sich zum Ziel gesetzt, die T\u00e4tigkeit des Elternbeirats an der Grundschule Hessisch Lichtenau zu unterst\u00fctzen. Aktionen, Investitionen und Projekte, die den \u00fcblichen Rahmen und die M\u00f6glichkeiten der Grundschule \u00fcbersteigen, werden vom F\u00f6rderverein ideell und finanziell unterst\u00fctzt. Dazu z\u00e4hlt, die kulturelle Arbeit mit den Grundsch\u00fclern &hellip; F\u00f6rderverein weiterlesen &rarr;","og_url":"https:\/\/www.gsheli.de\/?page_id=26","og_site_name":"Grundschule Hessisch Lichtenau","article_modified_time":"2018-06-07T19:06:29+00:00","og_image":[{"url":"https:\/\/www.gsheli.de\/wp-content\/uploads\/2017\/02\/Logo_neu-1024x166.png","type":"","width":"","height":""}],"twitter_card":"summary_large_image","twitter_misc":{"Gesch\u00e4tzte Lesezeit":"1\u00a0Minute"},"schema":{"@context":"https:\/\/schema.org","@graph":[{"@type":"WebPage","@id":"https:\/\/www.gsheli.de\/?page_id=26","url":"https:\/\/www.gsheli.de\/?page_id=26","name":"F\u00f6rderverein - Grundschule Hessisch Lichtenau","isPartOf":{"@id":"https:\/\/www.gsheli.de\/#website"},"primaryImageOfPage":{"@id":"https:\/\/www.gsheli.de\/?page_id=26#primaryimage"},"image":{"@id":"https:\/\/www.gsheli.de\/?page_id=26#primaryimage"},"thumbnailUrl":"https:\/\/www.gsheli.de\/wp-content\/uploads\/2017\/02\/Logo_neu-1024x166.png","datePublished":"2016-07-31T19:50:05+00:00","dateModified":"2018-06-07T19:06:29+00:00","breadcrumb":{"@id":"https:\/\/www.gsheli.de\/?page_id=26#breadcrumb"},"inLanguage":"de","potentialAction":[{"@type":"ReadAction","target":["https:\/\/www.gsheli.de\/?page_id=26"]}]},{"@type":"ImageObject","inLanguage":"de","@id":"https:\/\/www.gsheli.de\/?page_id=26#primaryimage","url":"https:\/\/www.gsheli.de\/wp-content\/uploads\/2017\/02\/Logo_neu.png","contentUrl":"https:\/\/www.gsheli.de\/wp-content\/uploads\/2017\/02\/Logo_neu.png","width":1924,"height":312},{"@type":"BreadcrumbList","@id":"https:\/\/www.gsheli.de\/?page_id=26#breadcrumb","itemListElement":[{"@type":"ListItem","position":1,"name":"Startseite","item":"https:\/\/www.gsheli.de\/"},{"@type":"ListItem","position":2,"name":"F\u00f6rderverein"}]},{"@type":"WebSite","@id":"https:\/\/www.gsheli.de\/#website","url":"https:\/\/www.gsheli.de\/","name":"Grundschule Hessisch Lichtenau","description":"","potentialAction":[{"@type":"SearchAction","target":{"@type":"EntryPoint","urlTemplate":"https:\/\/www.gsheli.de\/?s={search_term_string}"},"query-input":{"@type":"PropertyValueSpecification","valueRequired":true,"valueName":"search_term_string"}}],"inLanguage":"de"}]}},"_links":{"self":[{"href":"https:\/\/www.gsheli.de\/index.php?rest_route=\/wp\/v2\/pages\/26","targetHints":{"allow":["GET"]}}],"collection":[{"href":"https:\/\/www.gsheli.de\/index.php?rest_route=\/wp\/v2\/pages"}],"about":[{"href":"https:\/\/www.gsheli.de\/index.php?rest_route=\/wp\/v2\/types\/page"}],"author":[{"embeddable":true,"href":"https:\/\/www.gsheli.de\/index.php?rest_route=\/wp\/v2\/users\/4"}],"replies":[{"embeddable":true,"href":"https:\/\/www.gsheli.de\/index.php?rest_route=%2Fwp%2Fv2%2Fcomments&post=26"}],"version-history":[{"count":6,"href":"https:\/\/www.gsheli.de\/index.php?rest_route=\/wp\/v2\/pages\/26\/revisions"}],"predecessor-version":[{"id":1991,"href":"https:\/\/www.gsheli.de\/index.php?rest_route=\/wp\/v2\/pages\/26\/revisions\/1991"}],"wp:attachment":[{"href":"https:\/\/www.gsheli.de\/index.php?rest_route=%2Fwp%2Fv2%2Fmedia&parent=26"}],"curies":[{"name":"wp","href":"https:\/\/api.w.org\/{rel}","templated":true}]}}