{"id":2052,"date":"2021-11-12T11:41:32","date_gmt":"2021-11-12T10:41:32","guid":{"rendered":"https:\/\/www.gsheli.de\/?page_id=2052"},"modified":"2024-02-06T10:22:49","modified_gmt":"2024-02-06T09:22:49","slug":"oeffentlicher-nahverkehr","status":"publish","type":"page","link":"https:\/\/www.gsheli.de\/?page_id=2052","title":{"rendered":"\u00d6ffentlicher Nahverkehr"},"content":{"rendered":"<p>\u00dcber folgenden Link erreichen Sie die Homepage des Nahverkehrs Werra-Mei\u00dfner GmbH. Dar\u00fcber erhalten Sie Ausk\u00fcnfte zum aktuellen Fahrplan und der Sch\u00fclerbef\u00f6rderung.<\/p>\n<p><a href=\"https:\/\/www.nwm-esw.de\">https:\/\/www.nwm-esw.de<\/a><\/p>\n<p>Elektronisch kann ein Antrag zur \u00dcbernahme der Bef\u00f6rderungskosten \u00fcber den folgenden Link gestellt werden:<\/p>\n<p><a href=\"https:\/\/www.nwm-esw.de\/schuelerbefoerderung#allgemein\">https:\/\/www.nwm-esw.de\/schuelerbefoerderung#allgemein<\/a><\/p>\n<p>&nbsp;<\/p>\n","protected":false},"excerpt":{"rendered":"<p>\u00dcber folgenden Link erreichen Sie die Homepage des Nahverkehrs Werra-Mei\u00dfner GmbH. Dar\u00fcber erhalten Sie Ausk\u00fcnfte zum aktuellen Fahrplan und der Sch\u00fclerbef\u00f6rderung. https:\/\/www.nwm-esw.de Elektronisch kann ein Antrag zur \u00dcbernahme der Bef\u00f6rderungskosten \u00fcber den folgenden Link gestellt werden: https:\/\/www.nwm-esw.de\/schuelerbefoerderung#allgemein &nbsp;<\/p>\n","protected":false},"author":4,"featured_media":0,"parent":0,"menu_order":0,"comment_status":"closed","ping_status":"closed","template":"","meta":{"_bbp_topic_count":0,"_bbp_reply_count":0,"_bbp_total_topic_count":0,"_bbp_total_reply_count":0,"_bbp_voice_count":0,"_bbp_anonymous_reply_count":0,"_bbp_topic_count_hidden":0,"_bbp_reply_count_hidden":0,"_bbp_forum_subforum_count":0,"_crdt_document":"","footnotes":""},"class_list":["post-2052","page","type-page","status-publish","hentry"],"yoast_head":"<!-- This site is optimized with the Yoast SEO plugin v27.4 - https:\/\/yoast.com\/product\/yoast-seo-wordpress\/ -->\n<title>\u00d6ffentlicher Nahverkehr - Grundschule Hessisch Lichtenau<\/title>\n<meta name=\"robots\" content=\"index, follow, max-snippet:-1, max-image-preview:large, max-video-preview:-1\" \/>\n<link rel=\"canonical\" href=\"https:\/\/www.gsheli.de\/?page_id=2052\" class=\"yoast-seo-meta-tag\" \/>\n<meta property=\"og:locale\" content=\"de_DE\" class=\"yoast-seo-meta-tag\" \/>\n<meta property=\"og:type\" content=\"article\" class=\"yoast-seo-meta-tag\" \/>\n<meta property=\"og:title\" content=\"\u00d6ffentlicher Nahverkehr - Grundschule Hessisch Lichtenau\" class=\"yoast-seo-meta-tag\" \/>\n<meta property=\"og:description\" content=\"\u00dcber folgenden Link erreichen Sie die Homepage des Nahverkehrs Werra-Mei\u00dfner GmbH. Dar\u00fcber erhalten Sie Ausk\u00fcnfte zum aktuellen Fahrplan und der Sch\u00fclerbef\u00f6rderung. https:\/\/www.nwm-esw.de Elektronisch kann ein Antrag zur \u00dcbernahme der Bef\u00f6rderungskosten \u00fcber den folgenden Link gestellt werden: https:\/\/www.nwm-esw.de\/schuelerbefoerderung#allgemein &nbsp;\" class=\"yoast-seo-meta-tag\" \/>\n<meta property=\"og:url\" content=\"https:\/\/www.gsheli.de\/?page_id=2052\" class=\"yoast-seo-meta-tag\" \/>\n<meta property=\"og:site_name\" content=\"Grundschule Hessisch Lichtenau\" class=\"yoast-seo-meta-tag\" \/>\n<meta property=\"article:modified_time\" content=\"2024-02-06T09:22:49+00:00\" class=\"yoast-seo-meta-tag\" \/>\n<meta name=\"twitter:card\" content=\"summary_large_image\" class=\"yoast-seo-meta-tag\" \/>\n<meta name=\"twitter:label1\" content=\"Gesch\u00e4tzte Lesezeit\" class=\"yoast-seo-meta-tag\" \/>\n\t<meta name=\"twitter:data1\" content=\"1\u00a0Minute\" class=\"yoast-seo-meta-tag\" \/>\n<script type=\"application\/ld+json\" class=\"yoast-schema-graph\">{\"@context\":\"https:\\\/\\\/schema.org\",\"@graph\":[{\"@type\":\"WebPage\",\"@id\":\"https:\\\/\\\/www.gsheli.de\\\/?page_id=2052\",\"url\":\"https:\\\/\\\/www.gsheli.de\\\/?page_id=2052\",\"name\":\"\u00d6ffentlicher Nahverkehr - Grundschule Hessisch Lichtenau\",\"isPartOf\":{\"@id\":\"https:\\\/\\\/www.gsheli.de\\\/#website\"},\"datePublished\":\"2021-11-12T10:41:32+00:00\",\"dateModified\":\"2024-02-06T09:22:49+00:00\",\"breadcrumb\":{\"@id\":\"https:\\\/\\\/www.gsheli.de\\\/?page_id=2052#breadcrumb\"},\"inLanguage\":\"de\",\"potentialAction\":[{\"@type\":\"ReadAction\",\"target\":[\"https:\\\/\\\/www.gsheli.de\\\/?page_id=2052\"]}]},{\"@type\":\"BreadcrumbList\",\"@id\":\"https:\\\/\\\/www.gsheli.de\\\/?page_id=2052#breadcrumb\",\"itemListElement\":[{\"@type\":\"ListItem\",\"position\":1,\"name\":\"Startseite\",\"item\":\"https:\\\/\\\/www.gsheli.de\\\/\"},{\"@type\":\"ListItem\",\"position\":2,\"name\":\"\u00d6ffentlicher Nahverkehr\"}]},{\"@type\":\"WebSite\",\"@id\":\"https:\\\/\\\/www.gsheli.de\\\/#website\",\"url\":\"https:\\\/\\\/www.gsheli.de\\\/\",\"name\":\"Grundschule Hessisch Lichtenau\",\"description\":\"\",\"potentialAction\":[{\"@type\":\"SearchAction\",\"target\":{\"@type\":\"EntryPoint\",\"urlTemplate\":\"https:\\\/\\\/www.gsheli.de\\\/?s={search_term_string}\"},\"query-input\":{\"@type\":\"PropertyValueSpecification\",\"valueRequired\":true,\"valueName\":\"search_term_string\"}}],\"inLanguage\":\"de\"}]}<\/script>\n<!-- \/ Yoast SEO plugin. -->","yoast_head_json":{"title":"\u00d6ffentlicher Nahverkehr - Grundschule Hessisch Lichtenau","robots":{"index":"index","follow":"follow","max-snippet":"max-snippet:-1","max-image-preview":"max-image-preview:large","max-video-preview":"max-video-preview:-1"},"canonical":"https:\/\/www.gsheli.de\/?page_id=2052","og_locale":"de_DE","og_type":"article","og_title":"\u00d6ffentlicher Nahverkehr - Grundschule Hessisch Lichtenau","og_description":"\u00dcber folgenden Link erreichen Sie die Homepage des Nahverkehrs Werra-Mei\u00dfner GmbH. Dar\u00fcber erhalten Sie Ausk\u00fcnfte zum aktuellen Fahrplan und der Sch\u00fclerbef\u00f6rderung. https:\/\/www.nwm-esw.de Elektronisch kann ein Antrag zur \u00dcbernahme der Bef\u00f6rderungskosten \u00fcber den folgenden Link gestellt werden: https:\/\/www.nwm-esw.de\/schuelerbefoerderung#allgemein &nbsp;","og_url":"https:\/\/www.gsheli.de\/?page_id=2052","og_site_name":"Grundschule Hessisch Lichtenau","article_modified_time":"2024-02-06T09:22:49+00:00","twitter_card":"summary_large_image","twitter_misc":{"Gesch\u00e4tzte Lesezeit":"1\u00a0Minute"},"schema":{"@context":"https:\/\/schema.org","@graph":[{"@type":"WebPage","@id":"https:\/\/www.gsheli.de\/?page_id=2052","url":"https:\/\/www.gsheli.de\/?page_id=2052","name":"\u00d6ffentlicher Nahverkehr - Grundschule Hessisch Lichtenau","isPartOf":{"@id":"https:\/\/www.gsheli.de\/#website"},"datePublished":"2021-11-12T10:41:32+00:00","dateModified":"2024-02-06T09:22:49+00:00","breadcrumb":{"@id":"https:\/\/www.gsheli.de\/?page_id=2052#breadcrumb"},"inLanguage":"de","potentialAction":[{"@type":"ReadAction","target":["https:\/\/www.gsheli.de\/?page_id=2052"]}]},{"@type":"BreadcrumbList","@id":"https:\/\/www.gsheli.de\/?page_id=2052#breadcrumb","itemListElement":[{"@type":"ListItem","position":1,"name":"Startseite","item":"https:\/\/www.gsheli.de\/"},{"@type":"ListItem","position":2,"name":"\u00d6ffentlicher Nahverkehr"}]},{"@type":"WebSite","@id":"https:\/\/www.gsheli.de\/#website","url":"https:\/\/www.gsheli.de\/","name":"Grundschule Hessisch Lichtenau","description":"","potentialAction":[{"@type":"SearchAction","target":{"@type":"EntryPoint","urlTemplate":"https:\/\/www.gsheli.de\/?s={search_term_string}"},"query-input":{"@type":"PropertyValueSpecification","valueRequired":true,"valueName":"search_term_string"}}],"inLanguage":"de"}]}},"_links":{"self":[{"href":"https:\/\/www.gsheli.de\/index.php?rest_route=\/wp\/v2\/pages\/2052","targetHints":{"allow":["GET"]}}],"collection":[{"href":"https:\/\/www.gsheli.de\/index.php?rest_route=\/wp\/v2\/pages"}],"about":[{"href":"https:\/\/www.gsheli.de\/index.php?rest_route=\/wp\/v2\/types\/page"}],"author":[{"embeddable":true,"href":"https:\/\/www.gsheli.de\/index.php?rest_route=\/wp\/v2\/users\/4"}],"replies":[{"embeddable":true,"href":"https:\/\/www.gsheli.de\/index.php?rest_route=%2Fwp%2Fv2%2Fcomments&post=2052"}],"version-history":[{"count":8,"href":"https:\/\/www.gsheli.de\/index.php?rest_route=\/wp\/v2\/pages\/2052\/revisions"}],"predecessor-version":[{"id":2592,"href":"https:\/\/www.gsheli.de\/index.php?rest_route=\/wp\/v2\/pages\/2052\/revisions\/2592"}],"wp:attachment":[{"href":"https:\/\/www.gsheli.de\/index.php?rest_route=%2Fwp%2Fv2%2Fmedia&parent=2052"}],"curies":[{"name":"wp","href":"https:\/\/api.w.org\/{rel}","templated":true}]}}